{"id":6279,"date":"2024-02-16T17:27:30","date_gmt":"2024-02-16T20:27:30","guid":{"rendered":"https:\/\/mixshoppjc.com\/index.php\/product\/produto-3690\/"},"modified":"2024-03-12T17:43:59","modified_gmt":"2024-03-12T20:43:59","slug":"produto-3690","status":"publish","type":"product","link":"https:\/\/mixshoppjc.com\/?product=produto-3690","title":{"rendered":"Headset Gamer Redragon H386 Diomedes Jack 3.5 mm USB &#8211;..."},"content":{"rendered":"<p><strong>Modelo<\/strong>H386 Diomedes<br \/><strong>Tipo de conex\u00e3o<\/strong>Com fio<br \/><strong>Interface<\/strong>Cabo de conex\u00e3o 3.5mm<br \/><strong>Frequ\u00eancia de resposta<\/strong>20 a 20KHz<br \/><strong>Imped\u00e2ncia<\/strong>64 Ohm \u00b1 15%<br \/><strong>Drivers<\/strong>53 mm<br \/><strong>Microfone<\/strong>Ominidirecional<br \/><strong>Sensibilidade do microfone<\/strong>-38 \u00b1 2dB<br \/><strong>Comprimento do cabo<\/strong>1.8 m<br \/><strong>Material<\/strong>Couro sint\u00e9tIco<br \/><strong>Cor<\/strong>Preto<br \/><strong>Peso bruto<\/strong>205 g<br \/><strong>Dimens\u00f5es<\/strong>260 x 185 x 10 mm<\/p>\n","protected":false},"excerpt":{"rendered":"<p>ModeloH386 DiomedesTipo de conex\u00e3oCom fioInterfaceCabo de conex\u00e3o 3.5mmFrequ\u00eancia de resposta20 a 20KHzImped\u00e2ncia64 Ohm \u00b1 15%Drivers53 mmMicrofoneOminidirecionalSensibilidade do microfone-38 \u00b1 2dBComprimento do cabo1.8 mMaterialCouro sint\u00e9tIcoCorPretoPeso bruto205 gDimens\u00f5es260 x 185 x 10 mm<\/p>\n","protected":false},"featured_media":7669,"comment_status":"open","ping_status":"closed","template":"","meta":{"om_disable_all_campaigns":false,"_uf_show_specific_survey":0,"_uf_disable_surveys":false},"pwb-brand":[],"product_cat":[184,39,33],"product_tag":[],"class_list":{"0":"post-6279","1":"product","2":"type-product","3":"status-publish","4":"has-post-thumbnail","6":"product_cat-headsets","7":"product_cat-celulares-tablets","8":"product_cat-acessorios-e-perifericos","10":"first","11":"instock","12":"sale","13":"taxable","14":"shipping-taxable","15":"purchasable","16":"product-type-simple"},"aioseo_notices":[],"jetpack_sharing_enabled":true,"brands":[],"_links":{"self":[{"href":"https:\/\/mixshoppjc.com\/index.php?rest_route=\/wp\/v2\/product\/6279","targetHints":{"allow":["GET"]}}],"collection":[{"href":"https:\/\/mixshoppjc.com\/index.php?rest_route=\/wp\/v2\/product"}],"about":[{"href":"https:\/\/mixshoppjc.com\/index.php?rest_route=\/wp\/v2\/types\/product"}],"replies":[{"embeddable":true,"href":"https:\/\/mixshoppjc.com\/index.php?rest_route=%2Fwp%2Fv2%2Fcomments&post=6279"}],"wp:featuredmedia":[{"embeddable":true,"href":"https:\/\/mixshoppjc.com\/index.php?rest_route=\/wp\/v2\/media\/7669"}],"wp:attachment":[{"href":"https:\/\/mixshoppjc.com\/index.php?rest_route=%2Fwp%2Fv2%2Fmedia&parent=6279"}],"wp:term":[{"taxonomy":"pwb-brand","embeddable":true,"href":"https:\/\/mixshoppjc.com\/index.php?rest_route=%2Fwp%2Fv2%2Fpwb-brand&post=6279"},{"taxonomy":"product_cat","embeddable":true,"href":"https:\/\/mixshoppjc.com\/index.php?rest_route=%2Fwp%2Fv2%2Fproduct_cat&post=6279"},{"taxonomy":"product_tag","embeddable":true,"href":"https:\/\/mixshoppjc.com\/index.php?rest_route=%2Fwp%2Fv2%2Fproduct_tag&post=6279"}],"curies":[{"name":"wp","href":"https:\/\/api.w.org\/{rel}","templated":true}]}}