{"id":6278,"date":"2024-02-16T17:27:29","date_gmt":"2024-02-16T20:27:29","guid":{"rendered":"https:\/\/mixshoppjc.com\/index.php\/product\/produto-3689\/"},"modified":"2024-03-08T16:00:15","modified_gmt":"2024-03-08T19:00:15","slug":"produto-3689","status":"publish","type":"product","link":"https:\/\/mixshoppjc.com\/?product=produto-3689","title":{"rendered":"Headset Gamer Redragon Hylas H260P-RGB \/ Drivers 50mm \/ P2 \/..."},"content":{"rendered":"<p><strong>Modelo<\/strong>H260P-RGB Hylas<br \/><strong>Tipo de conex\u00e3o<\/strong>Com fio<br \/><strong>Conectividade<\/strong>1x 3.5 mm \u00c1udio | 1x 3.5 mm Microfone | 1x USB (Apenas para Ilumina\u00e7\u00e3o) | 1x Cabo Y<br \/><strong>Conector<\/strong>Mini Jack 3.5 mm<br \/><strong>Frequ\u00eancia de resposta<\/strong>20Hz &#8211; 20.000Hz<br \/><strong>Imped\u00e2ncia<\/strong>16 ohms<br \/><strong>Drivers<\/strong>50 mm<br \/><strong>Microfone<\/strong>Integrado | Omni-direcional<br \/><strong>Sensibilidade do microfone<\/strong>-38 \u00b1 3dB (0dB = 1V\/PA)<br \/><strong>Qualidade do som<\/strong>Est\u00e9reo<br \/><strong>Compatibilidade<\/strong>Windows XP | Vista, 7, 8 e 10<br \/><strong>Comprimento do cabo<\/strong>1.8 m<br \/><strong>Ilumina\u00e7\u00e3o<\/strong>RGB Chroma<br \/><strong>Material<\/strong>Couro Sint\u00e9tico<br \/><strong>Cor<\/strong>Rosa<br \/><strong>Peso bruto<\/strong>295 g<\/p>\n","protected":false},"excerpt":{"rendered":"<p>ModeloH260P-RGB HylasTipo de conex\u00e3oCom fioConectividade1x 3.5 mm \u00c1udio | 1x 3.5 mm Microfone | 1x USB (Apenas para Ilumina\u00e7\u00e3o) | 1x Cabo YConectorMini Jack 3.5 mmFrequ\u00eancia de resposta20Hz &#8211; 20.000HzImped\u00e2ncia16 ohmsDrivers50 mmMicrofoneIntegrado | Omni-direcionalSensibilidade do microfone-38 \u00b1 3dB (0dB = 1V\/PA)Qualidade do somEst\u00e9reoCompatibilidadeWindows XP | Vista, 7, 8 e 10Comprimento do cabo1.8 mIlumina\u00e7\u00e3oRGB ChromaMaterialCouro Sint\u00e9ticoCorRosaPeso [&hellip;]<\/p>\n","protected":false},"featured_media":7675,"comment_status":"open","ping_status":"closed","template":"","meta":{"om_disable_all_campaigns":false,"_uf_show_specific_survey":0,"_uf_disable_surveys":false},"pwb-brand":[],"product_cat":[184,187,39,33],"product_tag":[138],"class_list":{"0":"post-6278","1":"product","2":"type-product","3":"status-publish","4":"has-post-thumbnail","6":"product_cat-headsets","7":"product_cat-novidades","8":"product_cat-celulares-tablets","9":"product_cat-acessorios-e-perifericos","10":"product_tag-fone","12":"first","13":"instock","14":"sale","15":"taxable","16":"shipping-taxable","17":"purchasable","18":"product-type-simple"},"aioseo_notices":[],"jetpack_sharing_enabled":true,"brands":[],"_links":{"self":[{"href":"https:\/\/mixshoppjc.com\/index.php?rest_route=\/wp\/v2\/product\/6278","targetHints":{"allow":["GET"]}}],"collection":[{"href":"https:\/\/mixshoppjc.com\/index.php?rest_route=\/wp\/v2\/product"}],"about":[{"href":"https:\/\/mixshoppjc.com\/index.php?rest_route=\/wp\/v2\/types\/product"}],"replies":[{"embeddable":true,"href":"https:\/\/mixshoppjc.com\/index.php?rest_route=%2Fwp%2Fv2%2Fcomments&post=6278"}],"wp:featuredmedia":[{"embeddable":true,"href":"https:\/\/mixshoppjc.com\/index.php?rest_route=\/wp\/v2\/media\/7675"}],"wp:attachment":[{"href":"https:\/\/mixshoppjc.com\/index.php?rest_route=%2Fwp%2Fv2%2Fmedia&parent=6278"}],"wp:term":[{"taxonomy":"pwb-brand","embeddable":true,"href":"https:\/\/mixshoppjc.com\/index.php?rest_route=%2Fwp%2Fv2%2Fpwb-brand&post=6278"},{"taxonomy":"product_cat","embeddable":true,"href":"https:\/\/mixshoppjc.com\/index.php?rest_route=%2Fwp%2Fv2%2Fproduct_cat&post=6278"},{"taxonomy":"product_tag","embeddable":true,"href":"https:\/\/mixshoppjc.com\/index.php?rest_route=%2Fwp%2Fv2%2Fproduct_tag&post=6278"}],"curies":[{"name":"wp","href":"https:\/\/api.w.org\/{rel}","templated":true}]}}