{"id":6276,"date":"2024-02-16T17:27:26","date_gmt":"2024-02-16T20:27:26","guid":{"rendered":"https:\/\/mixshoppjc.com\/index.php\/product\/produto-3687\/"},"modified":"2024-03-08T16:09:34","modified_gmt":"2024-03-08T19:09:34","slug":"produto-3687","status":"publish","type":"product","link":"https:\/\/mixshoppjc.com\/?product=produto-3687","title":{"rendered":"Headset Redragon Cronus H211W-RGB &#8211; Branco"},"content":{"rendered":"<p><strong>Modelo<\/strong>Cronus<br \/><strong>Refer\u00eancia<\/strong>H211W-RGB<br \/><strong>Tipo de conex\u00e3o<\/strong>Com fio<br \/><strong>Interface<\/strong>3,5 mm<br \/><strong>Frequ\u00eancia de resposta<\/strong>20 Hz &#8211; 20 kHz<br \/><strong>Imped\u00e2ncia<\/strong>32 Ohms<br \/><strong>Drivers<\/strong>40 mm<br \/><strong>Microfone<\/strong>Integrado<br \/><strong>Sensibilidade do microfone<\/strong>115\u00b13dB<br \/><strong>Compatibilidade<\/strong>PC | PS5 | XBOX | NS<br \/><strong>Ilumina\u00e7\u00e3o<\/strong>RGB<br \/><strong>Cor<\/strong>Branco<\/p>\n","protected":false},"excerpt":{"rendered":"<p>ModeloCronusRefer\u00eanciaH211W-RGBTipo de conex\u00e3oCom fioInterface3,5 mmFrequ\u00eancia de resposta20 Hz &#8211; 20 kHzImped\u00e2ncia32 OhmsDrivers40 mmMicrofoneIntegradoSensibilidade do microfone115\u00b13dBCompatibilidadePC | PS5 | XBOX | NSIlumina\u00e7\u00e3oRGBCorBranco<\/p>\n","protected":false},"featured_media":7681,"comment_status":"open","ping_status":"closed","template":"","meta":{"om_disable_all_campaigns":false,"_uf_show_specific_survey":0,"_uf_disable_surveys":false},"pwb-brand":[],"product_cat":[184,187,33],"product_tag":[],"class_list":{"0":"post-6276","1":"product","2":"type-product","3":"status-publish","4":"has-post-thumbnail","6":"product_cat-headsets","7":"product_cat-novidades","8":"product_cat-acessorios-e-perifericos","10":"first","11":"instock","12":"sale","13":"taxable","14":"shipping-taxable","15":"purchasable","16":"product-type-simple"},"aioseo_notices":[],"jetpack_sharing_enabled":true,"brands":[],"_links":{"self":[{"href":"https:\/\/mixshoppjc.com\/index.php?rest_route=\/wp\/v2\/product\/6276","targetHints":{"allow":["GET"]}}],"collection":[{"href":"https:\/\/mixshoppjc.com\/index.php?rest_route=\/wp\/v2\/product"}],"about":[{"href":"https:\/\/mixshoppjc.com\/index.php?rest_route=\/wp\/v2\/types\/product"}],"replies":[{"embeddable":true,"href":"https:\/\/mixshoppjc.com\/index.php?rest_route=%2Fwp%2Fv2%2Fcomments&post=6276"}],"wp:featuredmedia":[{"embeddable":true,"href":"https:\/\/mixshoppjc.com\/index.php?rest_route=\/wp\/v2\/media\/7681"}],"wp:attachment":[{"href":"https:\/\/mixshoppjc.com\/index.php?rest_route=%2Fwp%2Fv2%2Fmedia&parent=6276"}],"wp:term":[{"taxonomy":"pwb-brand","embeddable":true,"href":"https:\/\/mixshoppjc.com\/index.php?rest_route=%2Fwp%2Fv2%2Fpwb-brand&post=6276"},{"taxonomy":"product_cat","embeddable":true,"href":"https:\/\/mixshoppjc.com\/index.php?rest_route=%2Fwp%2Fv2%2Fproduct_cat&post=6276"},{"taxonomy":"product_tag","embeddable":true,"href":"https:\/\/mixshoppjc.com\/index.php?rest_route=%2Fwp%2Fv2%2Fproduct_tag&post=6276"}],"curies":[{"name":"wp","href":"https:\/\/api.w.org\/{rel}","templated":true}]}}