{"id":6271,"date":"2024-02-16T17:27:18","date_gmt":"2024-02-16T20:27:18","guid":{"rendered":"https:\/\/mixshoppjc.com\/index.php\/product\/produto-3682\/"},"modified":"2024-03-08T14:09:11","modified_gmt":"2024-03-08T17:09:11","slug":"produto-3682","status":"publish","type":"product","link":"https:\/\/mixshoppjc.com\/?product=produto-3682","title":{"rendered":"Smartwatch Blulory Glifo 9 49mm &#8211; Prata"},"content":{"rendered":"<p><strong>Modelo<\/strong>Glifo 9<br \/><strong>Tamanho da caixa<\/strong>49 mm<br \/><strong>Compatibilidade<\/strong>Smartphones com tecnologia Bluetooth<br \/><strong>Conectividade wireless<\/strong>Bluetooth<br \/><strong>Chamadas<\/strong>Sim<br \/><strong>Notifica\u00e7\u00f5es de mensagens<\/strong>Sim<br \/><strong>Monitoramento de sa\u00fade<\/strong>Ped\u00f3metro | Medi\u00e7\u00e3o do ritmo card\u00edaco atrav\u00e9s do pulso<br \/><strong>Cor<\/strong>Prata<\/p>\n","protected":false},"excerpt":{"rendered":"<p>ModeloGlifo 9Tamanho da caixa49 mmCompatibilidadeSmartphones com tecnologia BluetoothConectividade wirelessBluetoothChamadasSimNotifica\u00e7\u00f5es de mensagensSimMonitoramento de sa\u00fadePed\u00f3metro | Medi\u00e7\u00e3o do ritmo card\u00edaco atrav\u00e9s do pulsoCorPrata<\/p>\n","protected":false},"featured_media":7616,"comment_status":"open","ping_status":"closed","template":"","meta":{"om_disable_all_campaigns":false,"_uf_show_specific_survey":0,"_uf_disable_surveys":false},"pwb-brand":[],"product_cat":[187,39,47,72],"product_tag":[],"class_list":{"0":"post-6271","1":"product","2":"type-product","3":"status-publish","4":"has-post-thumbnail","6":"product_cat-novidades","7":"product_cat-celulares-tablets","8":"product_cat-relogio","9":"product_cat-smartwatch","11":"first","12":"instock","13":"sale","14":"taxable","15":"shipping-taxable","16":"purchasable","17":"product-type-simple"},"aioseo_notices":[],"jetpack_sharing_enabled":true,"brands":[],"_links":{"self":[{"href":"https:\/\/mixshoppjc.com\/index.php?rest_route=\/wp\/v2\/product\/6271","targetHints":{"allow":["GET"]}}],"collection":[{"href":"https:\/\/mixshoppjc.com\/index.php?rest_route=\/wp\/v2\/product"}],"about":[{"href":"https:\/\/mixshoppjc.com\/index.php?rest_route=\/wp\/v2\/types\/product"}],"replies":[{"embeddable":true,"href":"https:\/\/mixshoppjc.com\/index.php?rest_route=%2Fwp%2Fv2%2Fcomments&post=6271"}],"wp:featuredmedia":[{"embeddable":true,"href":"https:\/\/mixshoppjc.com\/index.php?rest_route=\/wp\/v2\/media\/7616"}],"wp:attachment":[{"href":"https:\/\/mixshoppjc.com\/index.php?rest_route=%2Fwp%2Fv2%2Fmedia&parent=6271"}],"wp:term":[{"taxonomy":"pwb-brand","embeddable":true,"href":"https:\/\/mixshoppjc.com\/index.php?rest_route=%2Fwp%2Fv2%2Fpwb-brand&post=6271"},{"taxonomy":"product_cat","embeddable":true,"href":"https:\/\/mixshoppjc.com\/index.php?rest_route=%2Fwp%2Fv2%2Fproduct_cat&post=6271"},{"taxonomy":"product_tag","embeddable":true,"href":"https:\/\/mixshoppjc.com\/index.php?rest_route=%2Fwp%2Fv2%2Fproduct_tag&post=6271"}],"curies":[{"name":"wp","href":"https:\/\/api.w.org\/{rel}","templated":true}]}}