{"id":6270,"date":"2024-02-16T17:27:17","date_gmt":"2024-02-16T20:27:17","guid":{"rendered":"https:\/\/mixshoppjc.com\/index.php\/product\/produto-3681\/"},"modified":"2024-03-08T17:15:54","modified_gmt":"2024-03-08T20:15:54","slug":"produto-3681","status":"publish","type":"product","link":"https:\/\/mixshoppjc.com\/?product=produto-3681","title":{"rendered":"Fone de Ouvido Motorola Moto XT220 Bluetooth"},"content":{"rendered":"<p>Modelo  Moto XT220<br \/>Color preto<br \/>Duraci\u00f3n de la bater\u00eda  Hasta 24 Horas<br \/>Conectividad Bluetooth<br \/>Micr\u00f3fono Integrado<br \/>Tama\u00f1o Drivers: 40mm<\/p>\n","protected":false},"excerpt":{"rendered":"<p>Modelo Moto XT220Color pretoDuraci\u00f3n de la bater\u00eda Hasta 24 HorasConectividad BluetoothMicr\u00f3fono IntegradoTama\u00f1o Drivers: 40mm<\/p>\n","protected":false},"featured_media":7684,"comment_status":"open","ping_status":"closed","template":"","meta":{"om_disable_all_campaigns":false,"_uf_show_specific_survey":0,"_uf_disable_surveys":false},"pwb-brand":[],"product_cat":[33,65,66],"product_tag":[],"class_list":{"0":"post-6270","1":"product","2":"type-product","3":"status-publish","4":"has-post-thumbnail","6":"product_cat-acessorios-e-perifericos","7":"product_cat-fone-","8":"product_cat-fone-sem-fio","10":"first","11":"instock","12":"sale","13":"taxable","14":"shipping-taxable","15":"purchasable","16":"product-type-simple"},"aioseo_notices":[],"jetpack_sharing_enabled":true,"brands":[],"_links":{"self":[{"href":"https:\/\/mixshoppjc.com\/index.php?rest_route=\/wp\/v2\/product\/6270","targetHints":{"allow":["GET"]}}],"collection":[{"href":"https:\/\/mixshoppjc.com\/index.php?rest_route=\/wp\/v2\/product"}],"about":[{"href":"https:\/\/mixshoppjc.com\/index.php?rest_route=\/wp\/v2\/types\/product"}],"replies":[{"embeddable":true,"href":"https:\/\/mixshoppjc.com\/index.php?rest_route=%2Fwp%2Fv2%2Fcomments&post=6270"}],"wp:featuredmedia":[{"embeddable":true,"href":"https:\/\/mixshoppjc.com\/index.php?rest_route=\/wp\/v2\/media\/7684"}],"wp:attachment":[{"href":"https:\/\/mixshoppjc.com\/index.php?rest_route=%2Fwp%2Fv2%2Fmedia&parent=6270"}],"wp:term":[{"taxonomy":"pwb-brand","embeddable":true,"href":"https:\/\/mixshoppjc.com\/index.php?rest_route=%2Fwp%2Fv2%2Fpwb-brand&post=6270"},{"taxonomy":"product_cat","embeddable":true,"href":"https:\/\/mixshoppjc.com\/index.php?rest_route=%2Fwp%2Fv2%2Fproduct_cat&post=6270"},{"taxonomy":"product_tag","embeddable":true,"href":"https:\/\/mixshoppjc.com\/index.php?rest_route=%2Fwp%2Fv2%2Fproduct_tag&post=6270"}],"curies":[{"name":"wp","href":"https:\/\/api.w.org\/{rel}","templated":true}]}}