{"id":6268,"date":"2024-02-16T17:27:13","date_gmt":"2024-02-16T20:27:13","guid":{"rendered":"https:\/\/mixshoppjc.com\/index.php\/product\/produto-3679\/"},"modified":"2024-03-08T17:30:50","modified_gmt":"2024-03-08T20:30:50","slug":"produto-3679","status":"publish","type":"product","link":"https:\/\/mixshoppjc.com\/?product=produto-3679","title":{"rendered":"Celular Apple iPhone 14 A2882HN &#8211; 4\/128GB &#8211; 6.1&..."},"content":{"rendered":"<p>Resolu\u00e7\u00e3o da tela<br \/>1170 x 2532 pixels<br \/>Propor\u00e7\u00e3o de tela<br \/>86.0%<br \/>Densidade de pixels<br \/>460 ppi<br \/>Sistema Operacional<br \/>iOS 16 &#8211; Atualiz\u00e1vel para iOS 16.0.2<br \/>Chipset<br \/>Apple A15 Bionic (5 nm)<br \/>CPU<br \/>Hexa-core (2&#215;3.23 GHz Avalanche + 4&#215;1.82 GHz Blizzard)<br \/>GPU<br \/>Apple GPU (5-core graphics)<br \/>WLAN<br \/>Wi-Fi 802.11 a\/b\/g\/n\/ac\/6 &#8211; Banda Dupla &#8211; Ponto de Acesso<br \/>Bluetooth<br \/>5.3<br \/>NFC<br \/>Sim<br \/>Sensores<br \/>Face ID &#8211; Aceler\u00f4metro &#8211; Girosc\u00f3pio &#8211; Proximidade &#8211; B\u00fassola &#8211; Bar\u00f4metro &#8211; Suporte a banda ultralarga (UWB) &#8211; SOS de emerg\u00eancia via sat\u00e9lite (envio\/recebimento de SMS)<br \/>Bateria<br \/>3279mAh<br \/>C\u00e2mera Frontal<br \/>12 MP<br \/>C\u00e2mera Traseira<br \/>12 MP + 12 MP<br \/>Dimens\u00f5es<br \/>146.7 x 71.5 x 7.8mm<br \/>Peso<br \/>172gr<br \/>Plataforma<br \/>iOS<br \/>Mem\u00f3ria interna<br \/>128GB<br \/>Mem\u00f3ria expansivel<br \/>Sem slot para cart\u00e3o<br \/>Processador<br \/>Hexa-Core<br \/>SIM<br \/>Single-Sim<br \/>Tamanho da tela<br \/>6.1&#8243;<br \/>Conex\u00e3o de Dados<br \/>5G<br \/>Mem\u00f3ria RAM<br \/>4GB<br \/>Dimens\u00f5es da Embalagem<br \/>16.60 cm X 9.00 cm X 3.00 cm<br \/>Peso Bruto<br \/>0.322 kg<\/p>\n","protected":false},"excerpt":{"rendered":"<p>Resolu\u00e7\u00e3o da tela1170 x 2532 pixelsPropor\u00e7\u00e3o de tela86.0%Densidade de pixels460 ppiSistema OperacionaliOS 16 &#8211; Atualiz\u00e1vel para iOS 16.0.2ChipsetApple A15 Bionic (5 nm)CPUHexa-core (2&#215;3.23 GHz Avalanche + 4&#215;1.82 GHz Blizzard)GPUApple GPU (5-core graphics)WLANWi-Fi 802.11 a\/b\/g\/n\/ac\/6 &#8211; Banda Dupla &#8211; Ponto de AcessoBluetooth5.3NFCSimSensoresFace ID &#8211; Aceler\u00f4metro &#8211; Girosc\u00f3pio &#8211; Proximidade &#8211; B\u00fassola &#8211; Bar\u00f4metro &#8211; Suporte a [&hellip;]<\/p>\n","protected":false},"featured_media":7693,"comment_status":"open","ping_status":"closed","template":"","meta":{"om_disable_all_campaigns":false,"_uf_show_specific_survey":0,"_uf_disable_surveys":false},"pwb-brand":[],"product_cat":[179,187,155,39],"product_tag":[70,54],"class_list":{"0":"post-6268","1":"product","2":"type-product","3":"status-publish","4":"has-post-thumbnail","6":"product_cat-apple","7":"product_cat-novidades","8":"product_cat-smartphones","9":"product_cat-celulares-tablets","10":"product_tag-apple","11":"product_tag-smartphone","13":"first","14":"instock","15":"sale","16":"taxable","17":"shipping-taxable","18":"purchasable","19":"product-type-simple"},"aioseo_notices":[],"jetpack_sharing_enabled":true,"brands":[],"_links":{"self":[{"href":"https:\/\/mixshoppjc.com\/index.php?rest_route=\/wp\/v2\/product\/6268","targetHints":{"allow":["GET"]}}],"collection":[{"href":"https:\/\/mixshoppjc.com\/index.php?rest_route=\/wp\/v2\/product"}],"about":[{"href":"https:\/\/mixshoppjc.com\/index.php?rest_route=\/wp\/v2\/types\/product"}],"replies":[{"embeddable":true,"href":"https:\/\/mixshoppjc.com\/index.php?rest_route=%2Fwp%2Fv2%2Fcomments&post=6268"}],"wp:featuredmedia":[{"embeddable":true,"href":"https:\/\/mixshoppjc.com\/index.php?rest_route=\/wp\/v2\/media\/7693"}],"wp:attachment":[{"href":"https:\/\/mixshoppjc.com\/index.php?rest_route=%2Fwp%2Fv2%2Fmedia&parent=6268"}],"wp:term":[{"taxonomy":"pwb-brand","embeddable":true,"href":"https:\/\/mixshoppjc.com\/index.php?rest_route=%2Fwp%2Fv2%2Fpwb-brand&post=6268"},{"taxonomy":"product_cat","embeddable":true,"href":"https:\/\/mixshoppjc.com\/index.php?rest_route=%2Fwp%2Fv2%2Fproduct_cat&post=6268"},{"taxonomy":"product_tag","embeddable":true,"href":"https:\/\/mixshoppjc.com\/index.php?rest_route=%2Fwp%2Fv2%2Fproduct_tag&post=6268"}],"curies":[{"name":"wp","href":"https:\/\/api.w.org\/{rel}","templated":true}]}}