{"id":6264,"date":"2024-02-16T17:27:07","date_gmt":"2024-02-16T20:27:07","guid":{"rendered":"https:\/\/mixshoppjc.com\/index.php\/product\/produto-3675\/"},"modified":"2024-03-08T18:18:21","modified_gmt":"2024-03-08T21:18:21","slug":"produto-3675","status":"publish","type":"product","link":"https:\/\/mixshoppjc.com\/?product=produto-3675","title":{"rendered":"Fone de Ouvido Midi Pro Speed One MDP-10 &#8211; Bluetooth &..."},"content":{"rendered":"<p>Marca<br \/>Midi Pro<br \/>Modelo<br \/>MDP-10<br \/>Cor<br \/>Cinza e Laranja<br \/>Conectividade<br \/>Bluetooth 5.3<br \/>Microfone<br \/>Integrado<br \/>Resposta de Frequ\u00eancia<br \/>20Hz &#8211; 20KHz<br \/>Imped\u00e2ncia<br \/>16Ohms<br \/>Dura\u00e7\u00e3o carga<br \/>At\u00e9 7 Horas<br \/>Tempo de recarga<br \/>1.5 horas<br \/>Dimens\u00f5es da Embalagem<br \/>15.10 cm X 13.30 cm X 5.10 cm<br \/>Peso Bruto<br \/>0.160 kg<\/p>\n","protected":false},"excerpt":{"rendered":"<p>MarcaMidi ProModeloMDP-10CorCinza e LaranjaConectividadeBluetooth 5.3MicrofoneIntegradoResposta de Frequ\u00eancia20Hz &#8211; 20KHzImped\u00e2ncia16OhmsDura\u00e7\u00e3o cargaAt\u00e9 7 HorasTempo de recarga1.5 horasDimens\u00f5es da Embalagem15.10 cm X 13.30 cm X 5.10 cmPeso Bruto0.160 kg<\/p>\n","protected":false},"featured_media":7700,"comment_status":"open","ping_status":"closed","template":"","meta":{"om_disable_all_campaigns":false,"_uf_show_specific_survey":0,"_uf_disable_surveys":false},"pwb-brand":[],"product_cat":[187,39,33,65,66],"product_tag":[],"class_list":{"0":"post-6264","1":"product","2":"type-product","3":"status-publish","4":"has-post-thumbnail","6":"product_cat-novidades","7":"product_cat-celulares-tablets","8":"product_cat-acessorios-e-perifericos","9":"product_cat-fone-","10":"product_cat-fone-sem-fio","12":"first","13":"instock","14":"sale","15":"taxable","16":"shipping-taxable","17":"purchasable","18":"product-type-simple"},"aioseo_notices":[],"jetpack_sharing_enabled":true,"brands":[],"_links":{"self":[{"href":"https:\/\/mixshoppjc.com\/index.php?rest_route=\/wp\/v2\/product\/6264","targetHints":{"allow":["GET"]}}],"collection":[{"href":"https:\/\/mixshoppjc.com\/index.php?rest_route=\/wp\/v2\/product"}],"about":[{"href":"https:\/\/mixshoppjc.com\/index.php?rest_route=\/wp\/v2\/types\/product"}],"replies":[{"embeddable":true,"href":"https:\/\/mixshoppjc.com\/index.php?rest_route=%2Fwp%2Fv2%2Fcomments&post=6264"}],"wp:featuredmedia":[{"embeddable":true,"href":"https:\/\/mixshoppjc.com\/index.php?rest_route=\/wp\/v2\/media\/7700"}],"wp:attachment":[{"href":"https:\/\/mixshoppjc.com\/index.php?rest_route=%2Fwp%2Fv2%2Fmedia&parent=6264"}],"wp:term":[{"taxonomy":"pwb-brand","embeddable":true,"href":"https:\/\/mixshoppjc.com\/index.php?rest_route=%2Fwp%2Fv2%2Fpwb-brand&post=6264"},{"taxonomy":"product_cat","embeddable":true,"href":"https:\/\/mixshoppjc.com\/index.php?rest_route=%2Fwp%2Fv2%2Fproduct_cat&post=6264"},{"taxonomy":"product_tag","embeddable":true,"href":"https:\/\/mixshoppjc.com\/index.php?rest_route=%2Fwp%2Fv2%2Fproduct_tag&post=6264"}],"curies":[{"name":"wp","href":"https:\/\/api.w.org\/{rel}","templated":true}]}}