{"id":6248,"date":"2024-02-16T17:26:42","date_gmt":"2024-02-16T20:26:42","guid":{"rendered":"https:\/\/mixshoppjc.com\/index.php\/product\/produto-3659\/"},"modified":"2024-03-12T11:32:19","modified_gmt":"2024-03-12T14:32:19","slug":"produto-3659","status":"publish","type":"product","link":"https:\/\/mixshoppjc.com\/?product=produto-3659","title":{"rendered":"Microfone Sem Fio Xion XI-MICW &#8211; Preto"},"content":{"rendered":"<p>Marca<br \/>Xion<br \/>EAN-13<br \/>7730976466267<br \/>Cor<br \/>Preto<br \/>Assist\u00eancia T\u00e9cnica<br \/>6 Meses de Assist\u00eancia T\u00e9cnica<br \/>Conectividade<br \/>Bluetooth<br \/>Interfaz<br \/>Jack 3.5mm<\/p>\n","protected":false},"excerpt":{"rendered":"<p>MarcaXionEAN-137730976466267CorPretoAssist\u00eancia T\u00e9cnica6 Meses de Assist\u00eancia T\u00e9cnicaConectividadeBluetoothInterfazJack 3.5mm<\/p>\n","protected":false},"featured_media":7849,"comment_status":"open","ping_status":"closed","template":"","meta":{"om_disable_all_campaigns":false,"_uf_show_specific_survey":0,"_uf_disable_surveys":false},"pwb-brand":[],"product_cat":[191,33],"product_tag":[],"class_list":{"0":"post-6248","1":"product","2":"type-product","3":"status-publish","4":"has-post-thumbnail","6":"product_cat-microfones-","7":"product_cat-acessorios-e-perifericos","9":"first","10":"instock","11":"sale","12":"taxable","13":"shipping-taxable","14":"purchasable","15":"product-type-simple"},"aioseo_notices":[],"jetpack_sharing_enabled":true,"brands":[],"_links":{"self":[{"href":"https:\/\/mixshoppjc.com\/index.php?rest_route=\/wp\/v2\/product\/6248","targetHints":{"allow":["GET"]}}],"collection":[{"href":"https:\/\/mixshoppjc.com\/index.php?rest_route=\/wp\/v2\/product"}],"about":[{"href":"https:\/\/mixshoppjc.com\/index.php?rest_route=\/wp\/v2\/types\/product"}],"replies":[{"embeddable":true,"href":"https:\/\/mixshoppjc.com\/index.php?rest_route=%2Fwp%2Fv2%2Fcomments&post=6248"}],"wp:featuredmedia":[{"embeddable":true,"href":"https:\/\/mixshoppjc.com\/index.php?rest_route=\/wp\/v2\/media\/7849"}],"wp:attachment":[{"href":"https:\/\/mixshoppjc.com\/index.php?rest_route=%2Fwp%2Fv2%2Fmedia&parent=6248"}],"wp:term":[{"taxonomy":"pwb-brand","embeddable":true,"href":"https:\/\/mixshoppjc.com\/index.php?rest_route=%2Fwp%2Fv2%2Fpwb-brand&post=6248"},{"taxonomy":"product_cat","embeddable":true,"href":"https:\/\/mixshoppjc.com\/index.php?rest_route=%2Fwp%2Fv2%2Fproduct_cat&post=6248"},{"taxonomy":"product_tag","embeddable":true,"href":"https:\/\/mixshoppjc.com\/index.php?rest_route=%2Fwp%2Fv2%2Fproduct_tag&post=6248"}],"curies":[{"name":"wp","href":"https:\/\/api.w.org\/{rel}","templated":true}]}}