{"id":6246,"date":"2024-02-16T17:26:39","date_gmt":"2024-02-16T20:26:39","guid":{"rendered":"https:\/\/mixshoppjc.com\/index.php\/product\/produto-3657\/"},"modified":"2024-03-12T11:39:11","modified_gmt":"2024-03-12T14:39:11","slug":"produto-3657","status":"publish","type":"product","link":"https:\/\/mixshoppjc.com\/?product=produto-3657","title":{"rendered":"Cooler Para Notebook Satellite A-CP45 &#8211; Preto"},"content":{"rendered":"<p>O Cooler para Notebook Satellite A-CP45 \u00e9 um dispositivo de refrigera\u00e7\u00e3o projetado para melhorar o desempenho do seu laptop. Possui 2 ventiladores grandes de dimens\u00f5es 100 * 100 * 15mm e 4 ventiladores pequenos do mesmo tamanho, proporcionando um fluxo de ar de 65 CFM. Com um n\u00edvel de ru\u00eddo que varia entre 25 e 30 dBA, ele opera de forma silenciosa. \u00c9 fabricado com pl\u00e1stico ABS e malha de ferro para garantir durabilidade e efici\u00eancia. Possui 2 portas USB 2.0 para conectar outros dispositivos e oferece 5 \u00e2ngulos ajust\u00e1veis para maior conforto. Al\u00e9m disso, incorpora uma tela LCD para controlar a ilumina\u00e7\u00e3o RGB, oferecendo 10 modos de cor e um pr\u00e1tico suporte para telefone.<\/p>\n","protected":false},"excerpt":{"rendered":"<p>O Cooler para Notebook Satellite A-CP45 \u00e9 um dispositivo de refrigera\u00e7\u00e3o projetado para melhorar o desempenho do seu laptop. Possui 2 ventiladores grandes de dimens\u00f5es 100 * 100 * 15mm e 4 ventiladores pequenos do mesmo tamanho, proporcionando um fluxo de ar de 65 CFM. Com um n\u00edvel de ru\u00eddo que varia entre 25 e [&hellip;]<\/p>\n","protected":false},"featured_media":7853,"comment_status":"open","ping_status":"closed","template":"","meta":{"om_disable_all_campaigns":false,"_uf_show_specific_survey":0,"_uf_disable_surveys":false},"pwb-brand":[],"product_cat":[187,44,79,99],"product_tag":[],"class_list":{"0":"post-6246","1":"product","2":"type-product","3":"status-publish","4":"has-post-thumbnail","6":"product_cat-novidades","7":"product_cat-informatica","8":"product_cat-perifericos","9":"product_cat-cooler","11":"first","12":"instock","13":"sale","14":"taxable","15":"shipping-taxable","16":"purchasable","17":"product-type-simple"},"aioseo_notices":[],"jetpack_sharing_enabled":true,"brands":[],"_links":{"self":[{"href":"https:\/\/mixshoppjc.com\/index.php?rest_route=\/wp\/v2\/product\/6246","targetHints":{"allow":["GET"]}}],"collection":[{"href":"https:\/\/mixshoppjc.com\/index.php?rest_route=\/wp\/v2\/product"}],"about":[{"href":"https:\/\/mixshoppjc.com\/index.php?rest_route=\/wp\/v2\/types\/product"}],"replies":[{"embeddable":true,"href":"https:\/\/mixshoppjc.com\/index.php?rest_route=%2Fwp%2Fv2%2Fcomments&post=6246"}],"wp:featuredmedia":[{"embeddable":true,"href":"https:\/\/mixshoppjc.com\/index.php?rest_route=\/wp\/v2\/media\/7853"}],"wp:attachment":[{"href":"https:\/\/mixshoppjc.com\/index.php?rest_route=%2Fwp%2Fv2%2Fmedia&parent=6246"}],"wp:term":[{"taxonomy":"pwb-brand","embeddable":true,"href":"https:\/\/mixshoppjc.com\/index.php?rest_route=%2Fwp%2Fv2%2Fpwb-brand&post=6246"},{"taxonomy":"product_cat","embeddable":true,"href":"https:\/\/mixshoppjc.com\/index.php?rest_route=%2Fwp%2Fv2%2Fproduct_cat&post=6246"},{"taxonomy":"product_tag","embeddable":true,"href":"https:\/\/mixshoppjc.com\/index.php?rest_route=%2Fwp%2Fv2%2Fproduct_tag&post=6246"}],"curies":[{"name":"wp","href":"https:\/\/api.w.org\/{rel}","templated":true}]}}