{"id":6245,"date":"2024-02-16T17:26:37","date_gmt":"2024-02-16T20:26:37","guid":{"rendered":"https:\/\/mixshoppjc.com\/index.php\/product\/produto-3656\/"},"modified":"2024-03-12T11:39:18","modified_gmt":"2024-03-12T14:39:18","slug":"produto-3656","status":"publish","type":"product","link":"https:\/\/mixshoppjc.com\/?product=produto-3656","title":{"rendered":"Cooler Para Notebook Satellite A-CP43 &#8211; Preto"},"content":{"rendered":"<p>O Cooler para Notebook Satellite A-CP43 \u00e9 um dispositivo projetado para melhorar o resfriamento do seu laptop. Possui 12 ventiladores de tamanho 60 * 60 * 15mm, que operam a uma velocidade de 2600 rpm e geram um fluxo de ar de 65 CFM. \u00c9 constru\u00eddo com uma placa superior de ferro e pl\u00e1stico ABS para oferecer durabilidade e efici\u00eancia. Funciona com um voltagem de opera\u00e7\u00e3o de DC 5V e consome 5W de pot\u00eancia. O n\u00edvel de ru\u00eddo varia entre 28 e 42 dBA, proporcionando um equil\u00edbrio entre desempenho e sil\u00eancio. Possui 2 portas USB 2.0 para conectar outros dispositivos. Al\u00e9m disso, oferece 5 \u00e2ngulos ajust\u00e1veis para maior conforto e 10 modos RGB para personalizar a ilumina\u00e7\u00e3o.<\/p>\n","protected":false},"excerpt":{"rendered":"<p>O Cooler para Notebook Satellite A-CP43 \u00e9 um dispositivo projetado para melhorar o resfriamento do seu laptop. Possui 12 ventiladores de tamanho 60 * 60 * 15mm, que operam a uma velocidade de 2600 rpm e geram um fluxo de ar de 65 CFM. \u00c9 constru\u00eddo com uma placa superior de ferro e pl\u00e1stico ABS [&hellip;]<\/p>\n","protected":false},"featured_media":7857,"comment_status":"open","ping_status":"closed","template":"","meta":{"om_disable_all_campaigns":false,"_uf_show_specific_survey":0,"_uf_disable_surveys":false},"pwb-brand":[],"product_cat":[187,44,79,99],"product_tag":[],"class_list":{"0":"post-6245","1":"product","2":"type-product","3":"status-publish","4":"has-post-thumbnail","6":"product_cat-novidades","7":"product_cat-informatica","8":"product_cat-perifericos","9":"product_cat-cooler","11":"first","12":"instock","13":"sale","14":"taxable","15":"shipping-taxable","16":"purchasable","17":"product-type-simple"},"aioseo_notices":[],"jetpack_sharing_enabled":true,"brands":[],"_links":{"self":[{"href":"https:\/\/mixshoppjc.com\/index.php?rest_route=\/wp\/v2\/product\/6245","targetHints":{"allow":["GET"]}}],"collection":[{"href":"https:\/\/mixshoppjc.com\/index.php?rest_route=\/wp\/v2\/product"}],"about":[{"href":"https:\/\/mixshoppjc.com\/index.php?rest_route=\/wp\/v2\/types\/product"}],"replies":[{"embeddable":true,"href":"https:\/\/mixshoppjc.com\/index.php?rest_route=%2Fwp%2Fv2%2Fcomments&post=6245"}],"wp:featuredmedia":[{"embeddable":true,"href":"https:\/\/mixshoppjc.com\/index.php?rest_route=\/wp\/v2\/media\/7857"}],"wp:attachment":[{"href":"https:\/\/mixshoppjc.com\/index.php?rest_route=%2Fwp%2Fv2%2Fmedia&parent=6245"}],"wp:term":[{"taxonomy":"pwb-brand","embeddable":true,"href":"https:\/\/mixshoppjc.com\/index.php?rest_route=%2Fwp%2Fv2%2Fpwb-brand&post=6245"},{"taxonomy":"product_cat","embeddable":true,"href":"https:\/\/mixshoppjc.com\/index.php?rest_route=%2Fwp%2Fv2%2Fproduct_cat&post=6245"},{"taxonomy":"product_tag","embeddable":true,"href":"https:\/\/mixshoppjc.com\/index.php?rest_route=%2Fwp%2Fv2%2Fproduct_tag&post=6245"}],"curies":[{"name":"wp","href":"https:\/\/api.w.org\/{rel}","templated":true}]}}