{"id":6244,"date":"2024-02-16T17:26:36","date_gmt":"2024-02-16T20:26:36","guid":{"rendered":"https:\/\/mixshoppjc.com\/index.php\/product\/produto-3655\/"},"modified":"2024-03-12T11:41:11","modified_gmt":"2024-03-12T14:41:11","slug":"produto-3655","status":"publish","type":"product","link":"https:\/\/mixshoppjc.com\/?product=produto-3655","title":{"rendered":"Cooler Para Notebook Satellite A-CP23 &#8211; Negro"},"content":{"rendered":"<p>El Cooler para Notebook Satellite A-CP23 es un dispositivo dise\u00f1ado para mejorar la refrigeraci\u00f3n de tu computadora port\u00e1til. Cuenta con 6 peque\u00f1os ventiladores de tama\u00f1o 70 x 70 x 15 mm, que ofrecen un flujo de aire de 65 CFM. Est\u00e1 fabricado con una placa de hierro superior y pl\u00e1stico ABS, lo que garantiza durabilidad y eficiencia. Funciona con un voltaje de operaci\u00f3n de DC 5V y consume 5W de potencia. Genera un ruido de 26 a 36 dBA. Adem\u00e1s, cuenta con 2 puertos USB 2.0 para conectar otros dispositivos. Ofrece 5 \u00e1ngulos ajustables para mayor comodidad y 10 modos RGB para personalizar la iluminaci\u00f3n. Incorpora un bot\u00f3n t\u00e1ctil para controlar el RGB, as\u00ed como un controlador de velocidad y un soporte para tel\u00e9fono integrado.<\/p>\n","protected":false},"excerpt":{"rendered":"<p>El Cooler para Notebook Satellite A-CP23 es un dispositivo dise\u00f1ado para mejorar la refrigeraci\u00f3n de tu computadora port\u00e1til. Cuenta con 6 peque\u00f1os ventiladores de tama\u00f1o 70 x 70 x 15 mm, que ofrecen un flujo de aire de 65 CFM. Est\u00e1 fabricado con una placa de hierro superior y pl\u00e1stico ABS, lo que garantiza durabilidad [&hellip;]<\/p>\n","protected":false},"featured_media":7859,"comment_status":"open","ping_status":"closed","template":"","meta":{"om_disable_all_campaigns":false,"_uf_show_specific_survey":0,"_uf_disable_surveys":false},"pwb-brand":[],"product_cat":[187,44,79,99],"product_tag":[],"class_list":{"0":"post-6244","1":"product","2":"type-product","3":"status-publish","4":"has-post-thumbnail","6":"product_cat-novidades","7":"product_cat-informatica","8":"product_cat-perifericos","9":"product_cat-cooler","11":"first","12":"instock","13":"sale","14":"taxable","15":"shipping-taxable","16":"purchasable","17":"product-type-simple"},"aioseo_notices":[],"jetpack_sharing_enabled":true,"brands":[],"_links":{"self":[{"href":"https:\/\/mixshoppjc.com\/index.php?rest_route=\/wp\/v2\/product\/6244","targetHints":{"allow":["GET"]}}],"collection":[{"href":"https:\/\/mixshoppjc.com\/index.php?rest_route=\/wp\/v2\/product"}],"about":[{"href":"https:\/\/mixshoppjc.com\/index.php?rest_route=\/wp\/v2\/types\/product"}],"replies":[{"embeddable":true,"href":"https:\/\/mixshoppjc.com\/index.php?rest_route=%2Fwp%2Fv2%2Fcomments&post=6244"}],"wp:featuredmedia":[{"embeddable":true,"href":"https:\/\/mixshoppjc.com\/index.php?rest_route=\/wp\/v2\/media\/7859"}],"wp:attachment":[{"href":"https:\/\/mixshoppjc.com\/index.php?rest_route=%2Fwp%2Fv2%2Fmedia&parent=6244"}],"wp:term":[{"taxonomy":"pwb-brand","embeddable":true,"href":"https:\/\/mixshoppjc.com\/index.php?rest_route=%2Fwp%2Fv2%2Fpwb-brand&post=6244"},{"taxonomy":"product_cat","embeddable":true,"href":"https:\/\/mixshoppjc.com\/index.php?rest_route=%2Fwp%2Fv2%2Fproduct_cat&post=6244"},{"taxonomy":"product_tag","embeddable":true,"href":"https:\/\/mixshoppjc.com\/index.php?rest_route=%2Fwp%2Fv2%2Fproduct_tag&post=6244"}],"curies":[{"name":"wp","href":"https:\/\/api.w.org\/{rel}","templated":true}]}}