{"id":6240,"date":"2024-02-16T17:26:29","date_gmt":"2024-02-16T20:26:29","guid":{"rendered":"https:\/\/mixshoppjc.com\/index.php\/product\/produto-3651\/"},"modified":"2024-03-12T13:11:59","modified_gmt":"2024-03-12T16:11:59","slug":"produto-3651","status":"publish","type":"product","link":"https:\/\/mixshoppjc.com\/?product=produto-3651","title":{"rendered":"Cooler Para Notebook Satellite A-CP40 &#8211; Preto"},"content":{"rendered":"<p>Mantenha seu Notebook Satellite A-CP40 refrigerado e funcionando de forma \u00f3tima com esse Cooler na cor preta. Com dimens\u00f5es de 125 x 125 x 15 mm, esse Cooler possui um ventilador de 1000 &#8211; 1200 rpm, feito de pl\u00e1stico e malha de ferro para maior durabilidade. Compat\u00edvel com laptops de 9 a 17 polegadas, esse Cooler oferece 2 portas USB 2.0, 5 \u00e2ngulos ajust\u00e1veis e uma tela LCD para controlar a velocidade do ventilador. Obtenha o melhor desempenho para seu dispositivo enquanto mant\u00e9m um ambiente de trabalho fresco e confort\u00e1vel! Palavras-chave: Cooler para Notebook Satellite A-CP40, Preto, 9 a 17 polegadas, USB 2.0, LCD Display.<\/p>\n","protected":false},"excerpt":{"rendered":"<p>Mantenha seu Notebook Satellite A-CP40 refrigerado e funcionando de forma \u00f3tima com esse Cooler na cor preta. Com dimens\u00f5es de 125 x 125 x 15 mm, esse Cooler possui um ventilador de 1000 &#8211; 1200 rpm, feito de pl\u00e1stico e malha de ferro para maior durabilidade. Compat\u00edvel com laptops de 9 a 17 polegadas, esse [&hellip;]<\/p>\n","protected":false},"featured_media":7866,"comment_status":"open","ping_status":"closed","template":"","meta":{"om_disable_all_campaigns":false,"_uf_show_specific_survey":0,"_uf_disable_surveys":false},"pwb-brand":[],"product_cat":[187,44,79,99],"product_tag":[],"class_list":{"0":"post-6240","1":"product","2":"type-product","3":"status-publish","4":"has-post-thumbnail","6":"product_cat-novidades","7":"product_cat-informatica","8":"product_cat-perifericos","9":"product_cat-cooler","11":"first","12":"instock","13":"sale","14":"taxable","15":"shipping-taxable","16":"purchasable","17":"product-type-simple"},"aioseo_notices":[],"jetpack_sharing_enabled":true,"brands":[],"_links":{"self":[{"href":"https:\/\/mixshoppjc.com\/index.php?rest_route=\/wp\/v2\/product\/6240","targetHints":{"allow":["GET"]}}],"collection":[{"href":"https:\/\/mixshoppjc.com\/index.php?rest_route=\/wp\/v2\/product"}],"about":[{"href":"https:\/\/mixshoppjc.com\/index.php?rest_route=\/wp\/v2\/types\/product"}],"replies":[{"embeddable":true,"href":"https:\/\/mixshoppjc.com\/index.php?rest_route=%2Fwp%2Fv2%2Fcomments&post=6240"}],"wp:featuredmedia":[{"embeddable":true,"href":"https:\/\/mixshoppjc.com\/index.php?rest_route=\/wp\/v2\/media\/7866"}],"wp:attachment":[{"href":"https:\/\/mixshoppjc.com\/index.php?rest_route=%2Fwp%2Fv2%2Fmedia&parent=6240"}],"wp:term":[{"taxonomy":"pwb-brand","embeddable":true,"href":"https:\/\/mixshoppjc.com\/index.php?rest_route=%2Fwp%2Fv2%2Fpwb-brand&post=6240"},{"taxonomy":"product_cat","embeddable":true,"href":"https:\/\/mixshoppjc.com\/index.php?rest_route=%2Fwp%2Fv2%2Fproduct_cat&post=6240"},{"taxonomy":"product_tag","embeddable":true,"href":"https:\/\/mixshoppjc.com\/index.php?rest_route=%2Fwp%2Fv2%2Fproduct_tag&post=6240"}],"curies":[{"name":"wp","href":"https:\/\/api.w.org\/{rel}","templated":true}]}}