{"id":6233,"date":"2024-02-16T17:26:19","date_gmt":"2024-02-16T20:26:19","guid":{"rendered":"https:\/\/mixshoppjc.com\/index.php\/product\/produto-3644\/"},"modified":"2024-03-12T12:52:17","modified_gmt":"2024-03-12T15:52:17","slug":"produto-3644","status":"publish","type":"product","link":"https:\/\/mixshoppjc.com\/?product=produto-3644","title":{"rendered":"Tablet Amazon Fire HD 8 32Gb\/2GB ram 12\u00b0 Gen 8&#8221; Wi-Fi..."},"content":{"rendered":"<p><strong>Performance melhorada.<\/strong><br \/>Processador hexa-core atualizado para desempenho mais responsivo (30% mais r\u00e1pido que a gera\u00e7\u00e3o anterior Fire HD 8).<br \/><strong>Vida \u00fatil da bateria melhorada.<\/strong><br \/>At\u00e9 13 horas de leitura, navega\u00e7\u00e3o na web, reprodu\u00e7\u00e3o de v\u00eddeo e m\u00fasica em casa ou enquanto viaja.<br \/><strong>Grande sele\u00e7\u00e3o de aplicativos.<\/strong><br \/>Transmita ou baixe seus programas e filmes favoritos do Prime Video, Netflix, Disney+ e HBO. Desfrute do seu conte\u00fado favorito do Facebook, Hulu, Instagram, TikTok e muito mais atrav\u00e9s da Amazon App Store (o Google Play n\u00e3o \u00e9 compat\u00edvel. Assinatura necess\u00e1ria para alguns aplicativos).<br \/><strong>Design elegante.<\/strong><br \/>O Fire HD 8 oferece uma tela HD de 8&#8243; e 2 GB de RAM. Escolha entre 32 GB ou 64 GB (at\u00e9 1 TB de armazenamento expans\u00edvel via cart\u00e3o microSD). O novo design \u00e9 mais fino e leve que a tela da gera\u00e7\u00e3o anterior feita com vidro de aluminossilicato refor\u00e7ado.<br \/><strong>Fa\u00e7a mais com Alexa.<\/strong><br \/>Pe\u00e7a ao Alexa para tocar m\u00fasica, obter not\u00edcias e previs\u00e3o do tempo, atualizar lista de compras e definir lembretes. Controle sua casa inteligente ou pe\u00e7a ao Alexa para fazer chamadas de v\u00eddeo para amigos e familiares com aplicativos como o Zoom.<br \/><strong>Controles dos pais.<\/strong><br \/>O Amazon Kids oferece controles parentais f\u00e1ceis de usar em tablets Fire. Assine o Amazon Kids+ para acessar milhares de livros, aplicativos e jogos populares, v\u00eddeos, m\u00fasicas, livros Audible e muito mais.<\/p>\n","protected":false},"excerpt":{"rendered":"<p>Performance melhorada.Processador hexa-core atualizado para desempenho mais responsivo (30% mais r\u00e1pido que a gera\u00e7\u00e3o anterior Fire HD 8).Vida \u00fatil da bateria melhorada.At\u00e9 13 horas de leitura, navega\u00e7\u00e3o na web, reprodu\u00e7\u00e3o de v\u00eddeo e m\u00fasica em casa ou enquanto viaja.Grande sele\u00e7\u00e3o de aplicativos.Transmita ou baixe seus programas e filmes favoritos do Prime Video, Netflix, Disney+ e [&hellip;]<\/p>\n","protected":false},"featured_media":7901,"comment_status":"open","ping_status":"closed","template":"","meta":{"om_disable_all_campaigns":false,"_uf_show_specific_survey":0,"_uf_disable_surveys":false},"pwb-brand":[],"product_cat":[156,39],"product_tag":[],"class_list":{"0":"post-6233","1":"product","2":"type-product","3":"status-publish","4":"has-post-thumbnail","6":"product_cat-tablets","7":"product_cat-celulares-tablets","9":"first","10":"instock","11":"sale","12":"taxable","13":"shipping-taxable","14":"purchasable","15":"product-type-simple"},"aioseo_notices":[],"jetpack_sharing_enabled":true,"brands":[],"_links":{"self":[{"href":"https:\/\/mixshoppjc.com\/index.php?rest_route=\/wp\/v2\/product\/6233","targetHints":{"allow":["GET"]}}],"collection":[{"href":"https:\/\/mixshoppjc.com\/index.php?rest_route=\/wp\/v2\/product"}],"about":[{"href":"https:\/\/mixshoppjc.com\/index.php?rest_route=\/wp\/v2\/types\/product"}],"replies":[{"embeddable":true,"href":"https:\/\/mixshoppjc.com\/index.php?rest_route=%2Fwp%2Fv2%2Fcomments&post=6233"}],"wp:featuredmedia":[{"embeddable":true,"href":"https:\/\/mixshoppjc.com\/index.php?rest_route=\/wp\/v2\/media\/7901"}],"wp:attachment":[{"href":"https:\/\/mixshoppjc.com\/index.php?rest_route=%2Fwp%2Fv2%2Fmedia&parent=6233"}],"wp:term":[{"taxonomy":"pwb-brand","embeddable":true,"href":"https:\/\/mixshoppjc.com\/index.php?rest_route=%2Fwp%2Fv2%2Fpwb-brand&post=6233"},{"taxonomy":"product_cat","embeddable":true,"href":"https:\/\/mixshoppjc.com\/index.php?rest_route=%2Fwp%2Fv2%2Fproduct_cat&post=6233"},{"taxonomy":"product_tag","embeddable":true,"href":"https:\/\/mixshoppjc.com\/index.php?rest_route=%2Fwp%2Fv2%2Fproduct_tag&post=6233"}],"curies":[{"name":"wp","href":"https:\/\/api.w.org\/{rel}","templated":true}]}}