{"id":6231,"date":"2024-02-16T17:26:16","date_gmt":"2024-02-16T20:26:16","guid":{"rendered":"https:\/\/mixshoppjc.com\/index.php\/product\/produto-3642\/"},"modified":"2024-03-12T13:11:19","modified_gmt":"2024-03-12T16:11:19","slug":"produto-3642","status":"publish","type":"product","link":"https:\/\/mixshoppjc.com\/?product=produto-3642","title":{"rendered":"Tablet G-Tide Tab Klap E1 Kids Tela 8&#8243; 32GB &#8211; Ro..."},"content":{"rendered":"<p><strong>Modelo<\/strong>Klap E1<br \/><strong>Sistema Operacional<\/strong>Android 11 Go OS<br \/><strong>Processador<\/strong>Quad-core<br \/><strong>Capacidade<\/strong>32 GB<br \/><strong>Mem\u00f3ria RAM<\/strong>2 GB<br \/><strong>Tela<\/strong>IPS | 8&#8243;<br \/><strong>Resolu\u00e7\u00e3o de tela<\/strong>800 x 1280p<br \/><strong>C\u00e2mera traseira<\/strong>5 MP<br \/><strong>C\u00e2mera frontal<\/strong>5 MP<br \/><strong>Conectividade wireless<\/strong>Wi-Fi 802.11 b\/g\/n<br \/><strong>Bateria<\/strong>5100 mAh<br \/><strong>Interface<\/strong>Slot externo para cart\u00e3o SD | Conector de \u00e1udio | USB-C<br \/><strong>Cor<\/strong> Rosa<\/p>\n","protected":false},"excerpt":{"rendered":"<p>ModeloKlap E1Sistema OperacionalAndroid 11 Go OSProcessadorQuad-coreCapacidade32 GBMem\u00f3ria RAM2 GBTelaIPS | 8&#8243;Resolu\u00e7\u00e3o de tela800 x 1280pC\u00e2mera traseira5 MPC\u00e2mera frontal5 MPConectividade wirelessWi-Fi 802.11 b\/g\/nBateria5100 mAhInterfaceSlot externo para cart\u00e3o SD | Conector de \u00e1udio | USB-CCor Rosa<\/p>\n","protected":false},"featured_media":7904,"comment_status":"open","ping_status":"closed","template":"","meta":{"om_disable_all_campaigns":false,"_uf_show_specific_survey":0,"_uf_disable_surveys":false},"pwb-brand":[],"product_cat":[187,156,39],"product_tag":[175],"class_list":{"0":"post-6231","1":"product","2":"type-product","3":"status-publish","4":"has-post-thumbnail","6":"product_cat-novidades","7":"product_cat-tablets","8":"product_cat-celulares-tablets","9":"product_tag-tablet","11":"first","12":"instock","13":"sale","14":"taxable","15":"shipping-taxable","16":"purchasable","17":"product-type-simple"},"aioseo_notices":[],"jetpack_sharing_enabled":true,"brands":[],"_links":{"self":[{"href":"https:\/\/mixshoppjc.com\/index.php?rest_route=\/wp\/v2\/product\/6231","targetHints":{"allow":["GET"]}}],"collection":[{"href":"https:\/\/mixshoppjc.com\/index.php?rest_route=\/wp\/v2\/product"}],"about":[{"href":"https:\/\/mixshoppjc.com\/index.php?rest_route=\/wp\/v2\/types\/product"}],"replies":[{"embeddable":true,"href":"https:\/\/mixshoppjc.com\/index.php?rest_route=%2Fwp%2Fv2%2Fcomments&post=6231"}],"wp:featuredmedia":[{"embeddable":true,"href":"https:\/\/mixshoppjc.com\/index.php?rest_route=\/wp\/v2\/media\/7904"}],"wp:attachment":[{"href":"https:\/\/mixshoppjc.com\/index.php?rest_route=%2Fwp%2Fv2%2Fmedia&parent=6231"}],"wp:term":[{"taxonomy":"pwb-brand","embeddable":true,"href":"https:\/\/mixshoppjc.com\/index.php?rest_route=%2Fwp%2Fv2%2Fpwb-brand&post=6231"},{"taxonomy":"product_cat","embeddable":true,"href":"https:\/\/mixshoppjc.com\/index.php?rest_route=%2Fwp%2Fv2%2Fproduct_cat&post=6231"},{"taxonomy":"product_tag","embeddable":true,"href":"https:\/\/mixshoppjc.com\/index.php?rest_route=%2Fwp%2Fv2%2Fproduct_tag&post=6231"}],"curies":[{"name":"wp","href":"https:\/\/api.w.org\/{rel}","templated":true}]}}