{"id":6229,"date":"2024-02-16T17:26:14","date_gmt":"2024-02-16T20:26:14","guid":{"rendered":"https:\/\/mixshoppjc.com\/index.php\/product\/produto-3640\/"},"modified":"2024-04-19T16:43:37","modified_gmt":"2024-04-19T19:43:37","slug":"produto-3640","status":"publish","type":"product","link":"https:\/\/mixshoppjc.com\/?product=produto-3640","title":{"rendered":"Tablet G-Tide Klap T1 Kids Tela 10.1&#8243; 32GB + Capa &#82..."},"content":{"rendered":"<p><strong>Modelo<\/strong>Klap T1<br \/><strong>Sistema Operacional<\/strong>Android 11<br \/><strong>Processador<\/strong>Quad Core de 1,5 GHz<br \/><strong>Chipset<\/strong>A133<br \/><strong>Capacidade<\/strong>32 GB<br \/><strong>Mem\u00f3ria RAM<\/strong>2 GB<br \/><strong>Tela<\/strong>IPS | 10.1&#8243;<br \/><strong>Resolu\u00e7\u00e3o de tela<\/strong>1280 x 800p<br \/><strong>C\u00e2mera traseira<\/strong>8 MP<br \/><strong>C\u00e2mera frontal<\/strong>5 MP<br \/><strong>Microfone integrado<\/strong>Sim<br \/><strong>Bateria<\/strong>6000 mAh<br \/><strong>Cor<\/strong>Azul<\/p>\n","protected":false},"excerpt":{"rendered":"<p>ModeloKlap T1Sistema OperacionalAndroid 11ProcessadorQuad Core de 1,5 GHzChipsetA133Capacidade32 GBMem\u00f3ria RAM2 GBTelaIPS | 10.1&#8243;Resolu\u00e7\u00e3o de tela1280 x 800pC\u00e2mera traseira8 MPC\u00e2mera frontal5 MPMicrofone integradoSimBateria6000 mAhCorAzul<\/p>\n","protected":false},"featured_media":7907,"comment_status":"open","ping_status":"closed","template":"","meta":{"om_disable_all_campaigns":false,"_uf_show_specific_survey":0,"_uf_disable_surveys":false},"pwb-brand":[],"product_cat":[187,156,39],"product_tag":[175],"class_list":{"0":"post-6229","1":"product","2":"type-product","3":"status-publish","4":"has-post-thumbnail","6":"product_cat-novidades","7":"product_cat-tablets","8":"product_cat-celulares-tablets","9":"product_tag-tablet","11":"first","12":"instock","13":"sale","14":"taxable","15":"shipping-taxable","16":"purchasable","17":"product-type-simple"},"aioseo_notices":[],"jetpack_sharing_enabled":true,"brands":[],"_links":{"self":[{"href":"https:\/\/mixshoppjc.com\/index.php?rest_route=\/wp\/v2\/product\/6229","targetHints":{"allow":["GET"]}}],"collection":[{"href":"https:\/\/mixshoppjc.com\/index.php?rest_route=\/wp\/v2\/product"}],"about":[{"href":"https:\/\/mixshoppjc.com\/index.php?rest_route=\/wp\/v2\/types\/product"}],"replies":[{"embeddable":true,"href":"https:\/\/mixshoppjc.com\/index.php?rest_route=%2Fwp%2Fv2%2Fcomments&post=6229"}],"wp:featuredmedia":[{"embeddable":true,"href":"https:\/\/mixshoppjc.com\/index.php?rest_route=\/wp\/v2\/media\/7907"}],"wp:attachment":[{"href":"https:\/\/mixshoppjc.com\/index.php?rest_route=%2Fwp%2Fv2%2Fmedia&parent=6229"}],"wp:term":[{"taxonomy":"pwb-brand","embeddable":true,"href":"https:\/\/mixshoppjc.com\/index.php?rest_route=%2Fwp%2Fv2%2Fpwb-brand&post=6229"},{"taxonomy":"product_cat","embeddable":true,"href":"https:\/\/mixshoppjc.com\/index.php?rest_route=%2Fwp%2Fv2%2Fproduct_cat&post=6229"},{"taxonomy":"product_tag","embeddable":true,"href":"https:\/\/mixshoppjc.com\/index.php?rest_route=%2Fwp%2Fv2%2Fproduct_tag&post=6229"}],"curies":[{"name":"wp","href":"https:\/\/api.w.org\/{rel}","templated":true}]}}