{"id":4092,"date":"2024-02-16T16:38:47","date_gmt":"2024-02-16T19:38:47","guid":{"rendered":"https:\/\/mixshoppjc.com\/index.php\/product\/produto-1503\/"},"modified":"2024-03-12T18:26:54","modified_gmt":"2024-03-12T21:26:54","slug":"produto-1503","status":"publish","type":"product","link":"https:\/\/mixshoppjc.com\/?product=produto-1503","title":{"rendered":"Fone de Ouvido JBL T510BT &#8211; Rosa"},"content":{"rendered":"<p><strong>Modelo<\/strong>JBL T510BT<br \/><strong>Conectividade wireless<\/strong>Bluetooth 5.0<br \/><strong>Drivers<\/strong>32<br \/><strong>Frequ\u00eancia de resposta<\/strong>20 Hz &#8211; 20 kHz<br \/><strong>Imped\u00e2ncia<\/strong>32<br \/><strong>Sensibilidade<\/strong>103.5 dB<br \/><strong>Cancelamento de ru\u00eddo<\/strong>N\u00e3o<br \/><strong>Microfone<\/strong>Integrado<br \/><strong>Bateria<\/strong>450 mAh<br \/><strong>Autonomia da bateria<\/strong>40 Horas<br \/><strong>Tempo de carregamento<\/strong>2 Horas<br \/><strong>Resistente \u00e0 \u00e1gua<\/strong>Resistente \u00e0 Respingos d\u2019\u00c1gua<br \/><strong>Compatibilidade<\/strong>Android, iOS<br \/><strong>Cor<\/strong>Rosa<br \/><strong>Peso bruto<\/strong>160 g<br \/><strong>Dimens\u00f5es<\/strong>7.3 x 7.3 x 1.7 cm<\/p>\n","protected":false},"excerpt":{"rendered":"<p>ModeloJBL T510BTConectividade wirelessBluetooth 5.0Drivers32Frequ\u00eancia de resposta20 Hz &#8211; 20 kHzImped\u00e2ncia32Sensibilidade103.5 dBCancelamento de ru\u00eddoN\u00e3oMicrofoneIntegradoBateria450 mAhAutonomia da bateria40 HorasTempo de carregamento2 HorasResistente \u00e0 \u00e1guaResistente \u00e0 Respingos d\u2019\u00c1guaCompatibilidadeAndroid, iOSCorRosaPeso bruto160 gDimens\u00f5es7.3 x 7.3 x 1.7 cm<\/p>\n","protected":false},"featured_media":7967,"comment_status":"open","ping_status":"closed","template":"","meta":{"om_disable_all_campaigns":false,"_uf_show_specific_survey":0,"_uf_disable_surveys":false},"pwb-brand":[],"product_cat":[33,65,66],"product_tag":[],"class_list":{"0":"post-4092","1":"product","2":"type-product","3":"status-publish","4":"has-post-thumbnail","6":"product_cat-acessorios-e-perifericos","7":"product_cat-fone-","8":"product_cat-fone-sem-fio","10":"first","11":"instock","12":"sale","13":"taxable","14":"shipping-taxable","15":"purchasable","16":"product-type-simple"},"aioseo_notices":[],"jetpack_sharing_enabled":true,"brands":[],"_links":{"self":[{"href":"https:\/\/mixshoppjc.com\/index.php?rest_route=\/wp\/v2\/product\/4092","targetHints":{"allow":["GET"]}}],"collection":[{"href":"https:\/\/mixshoppjc.com\/index.php?rest_route=\/wp\/v2\/product"}],"about":[{"href":"https:\/\/mixshoppjc.com\/index.php?rest_route=\/wp\/v2\/types\/product"}],"replies":[{"embeddable":true,"href":"https:\/\/mixshoppjc.com\/index.php?rest_route=%2Fwp%2Fv2%2Fcomments&post=4092"}],"wp:featuredmedia":[{"embeddable":true,"href":"https:\/\/mixshoppjc.com\/index.php?rest_route=\/wp\/v2\/media\/7967"}],"wp:attachment":[{"href":"https:\/\/mixshoppjc.com\/index.php?rest_route=%2Fwp%2Fv2%2Fmedia&parent=4092"}],"wp:term":[{"taxonomy":"pwb-brand","embeddable":true,"href":"https:\/\/mixshoppjc.com\/index.php?rest_route=%2Fwp%2Fv2%2Fpwb-brand&post=4092"},{"taxonomy":"product_cat","embeddable":true,"href":"https:\/\/mixshoppjc.com\/index.php?rest_route=%2Fwp%2Fv2%2Fproduct_cat&post=4092"},{"taxonomy":"product_tag","embeddable":true,"href":"https:\/\/mixshoppjc.com\/index.php?rest_route=%2Fwp%2Fv2%2Fproduct_tag&post=4092"}],"curies":[{"name":"wp","href":"https:\/\/api.w.org\/{rel}","templated":true}]}}