{"id":4090,"date":"2024-02-16T16:38:45","date_gmt":"2024-02-16T19:38:45","guid":{"rendered":"https:\/\/mixshoppjc.com\/index.php\/product\/produto-1501\/"},"modified":"2024-03-12T18:25:15","modified_gmt":"2024-03-12T21:25:15","slug":"produto-1501","status":"publish","type":"product","link":"https:\/\/mixshoppjc.com\/?product=produto-1501","title":{"rendered":"Headset Gamer Redragon com fio  Europe H720 &#8211; Preto"},"content":{"rendered":"<p><strong>Modelo<\/strong>Europe<br \/><strong>Tipo de conex\u00e3o<\/strong>Com fio<br \/><strong>Frequ\u00eancia de resposta<\/strong>20-20KHZ<br \/><strong>Imped\u00e2ncia<\/strong>32 ohm<br \/><strong>Drivers<\/strong>50 mm<br \/><strong>Sensibilidade do microfone<\/strong>-42 \u00b1 3 dB<br \/><strong>Qualidade do som<\/strong>7.1 Virtual<br \/><strong>Cor<\/strong>Preto<\/p>\n","protected":false},"excerpt":{"rendered":"<p>ModeloEuropeTipo de conex\u00e3oCom fioFrequ\u00eancia de resposta20-20KHZImped\u00e2ncia32 ohmDrivers50 mmSensibilidade do microfone-42 \u00b1 3 dBQualidade do som7.1 VirtualCorPreto<\/p>\n","protected":false},"featured_media":7974,"comment_status":"open","ping_status":"closed","template":"","meta":{"om_disable_all_campaigns":false,"_uf_show_specific_survey":0,"_uf_disable_surveys":false},"pwb-brand":[],"product_cat":[184,187,44],"product_tag":[],"class_list":{"0":"post-4090","1":"product","2":"type-product","3":"status-publish","4":"has-post-thumbnail","6":"product_cat-headsets","7":"product_cat-novidades","8":"product_cat-informatica","10":"first","11":"instock","12":"sale","13":"taxable","14":"shipping-taxable","15":"purchasable","16":"product-type-simple"},"aioseo_notices":[],"jetpack_sharing_enabled":true,"brands":[],"_links":{"self":[{"href":"https:\/\/mixshoppjc.com\/index.php?rest_route=\/wp\/v2\/product\/4090","targetHints":{"allow":["GET"]}}],"collection":[{"href":"https:\/\/mixshoppjc.com\/index.php?rest_route=\/wp\/v2\/product"}],"about":[{"href":"https:\/\/mixshoppjc.com\/index.php?rest_route=\/wp\/v2\/types\/product"}],"replies":[{"embeddable":true,"href":"https:\/\/mixshoppjc.com\/index.php?rest_route=%2Fwp%2Fv2%2Fcomments&post=4090"}],"wp:featuredmedia":[{"embeddable":true,"href":"https:\/\/mixshoppjc.com\/index.php?rest_route=\/wp\/v2\/media\/7974"}],"wp:attachment":[{"href":"https:\/\/mixshoppjc.com\/index.php?rest_route=%2Fwp%2Fv2%2Fmedia&parent=4090"}],"wp:term":[{"taxonomy":"pwb-brand","embeddable":true,"href":"https:\/\/mixshoppjc.com\/index.php?rest_route=%2Fwp%2Fv2%2Fpwb-brand&post=4090"},{"taxonomy":"product_cat","embeddable":true,"href":"https:\/\/mixshoppjc.com\/index.php?rest_route=%2Fwp%2Fv2%2Fproduct_cat&post=4090"},{"taxonomy":"product_tag","embeddable":true,"href":"https:\/\/mixshoppjc.com\/index.php?rest_route=%2Fwp%2Fv2%2Fproduct_tag&post=4090"}],"curies":[{"name":"wp","href":"https:\/\/api.w.org\/{rel}","templated":true}]}}