{"id":3540,"date":"2024-02-16T16:30:44","date_gmt":"2024-02-16T19:30:44","guid":{"rendered":"https:\/\/mixshoppjc.com\/index.php\/product\/produto-951\/"},"modified":"2024-03-13T10:02:06","modified_gmt":"2024-03-13T13:02:06","slug":"produto-951","status":"publish","type":"product","link":"https:\/\/mixshoppjc.com\/?product=produto-951","title":{"rendered":"HUB ECOPOWER EP-R010 USB 4-USB"},"content":{"rendered":"<p>Marca: Ecopower<br \/>Modelo: EP \u2013 R010<br \/>El concentrador USB 2.0 a USB 2.0 de 4 puertos est\u00e1 dise\u00f1ado para la expansi\u00f3n de los puertos de la computadora.<br \/>Por ejemplo, puede conectar unidades externas, dispositivos m\u00f3viles y dispositivos de almacenamiento a su computadora con este concentrador USB bien dise\u00f1ado.<br \/>Caracter\u00edsticas Este producto sigue el protocolo est\u00e1ndar USB.<br \/>Sin instalaci\u00f3n de unidades con operaci\u00f3n plug-and-play Admite sistemas como Win XP, 7, 8, 10, Vista, Linux, Mac OS Peque\u00f1o\u00a0y\u00a0port\u00e1til<\/p>\n","protected":false},"excerpt":{"rendered":"<p>Marca: EcopowerModelo: EP \u2013 R010El concentrador USB 2.0 a USB 2.0 de 4 puertos est\u00e1 dise\u00f1ado para la expansi\u00f3n de los puertos de la computadora.Por ejemplo, puede conectar unidades externas, dispositivos m\u00f3viles y dispositivos de almacenamiento a su computadora con este concentrador USB bien dise\u00f1ado.Caracter\u00edsticas Este producto sigue el protocolo est\u00e1ndar USB.Sin instalaci\u00f3n de unidades [&hellip;]<\/p>\n","protected":false},"featured_media":7993,"comment_status":"open","ping_status":"closed","template":"","meta":{"om_disable_all_campaigns":false,"_uf_show_specific_survey":0,"_uf_disable_surveys":false},"pwb-brand":[],"product_cat":[224,33],"product_tag":[225],"class_list":{"0":"post-3540","1":"product","2":"type-product","3":"status-publish","4":"has-post-thumbnail","6":"product_cat-hub","7":"product_cat-acessorios-e-perifericos","8":"product_tag-hub","10":"first","11":"instock","12":"sale","13":"taxable","14":"shipping-taxable","15":"purchasable","16":"product-type-simple"},"aioseo_notices":[],"jetpack_sharing_enabled":true,"brands":[],"_links":{"self":[{"href":"https:\/\/mixshoppjc.com\/index.php?rest_route=\/wp\/v2\/product\/3540","targetHints":{"allow":["GET"]}}],"collection":[{"href":"https:\/\/mixshoppjc.com\/index.php?rest_route=\/wp\/v2\/product"}],"about":[{"href":"https:\/\/mixshoppjc.com\/index.php?rest_route=\/wp\/v2\/types\/product"}],"replies":[{"embeddable":true,"href":"https:\/\/mixshoppjc.com\/index.php?rest_route=%2Fwp%2Fv2%2Fcomments&post=3540"}],"wp:featuredmedia":[{"embeddable":true,"href":"https:\/\/mixshoppjc.com\/index.php?rest_route=\/wp\/v2\/media\/7993"}],"wp:attachment":[{"href":"https:\/\/mixshoppjc.com\/index.php?rest_route=%2Fwp%2Fv2%2Fmedia&parent=3540"}],"wp:term":[{"taxonomy":"pwb-brand","embeddable":true,"href":"https:\/\/mixshoppjc.com\/index.php?rest_route=%2Fwp%2Fv2%2Fpwb-brand&post=3540"},{"taxonomy":"product_cat","embeddable":true,"href":"https:\/\/mixshoppjc.com\/index.php?rest_route=%2Fwp%2Fv2%2Fproduct_cat&post=3540"},{"taxonomy":"product_tag","embeddable":true,"href":"https:\/\/mixshoppjc.com\/index.php?rest_route=%2Fwp%2Fv2%2Fproduct_tag&post=3540"}],"curies":[{"name":"wp","href":"https:\/\/api.w.org\/{rel}","templated":true}]}}