{"id":3539,"date":"2024-02-16T16:30:43","date_gmt":"2024-02-16T19:30:43","guid":{"rendered":"https:\/\/mixshoppjc.com\/index.php\/product\/produto-950\/"},"modified":"2024-03-13T10:07:39","modified_gmt":"2024-03-13T13:07:39","slug":"produto-950","status":"publish","type":"product","link":"https:\/\/mixshoppjc.com\/?product=produto-950","title":{"rendered":"Adaptador Wi-Fi TP-Link Archer T3U Plus AC1300 &#8211; 867 M..."},"content":{"rendered":"<p>Especifica\u00e7\u00f5es<\/p>\n<p>Marca<br \/>TP-Link<br \/>Modelo<br \/>Archer T3U Plus<br \/>Cor<br \/>Preto<br \/>Interface<br \/>USB 3.0<br \/>Velocidade<br \/>5 GHz: at\u00e9 867 Mbps &#8211; 2.4 GHz: at\u00e9 400 Mbps<br \/>Wi-Fi padr\u00e3o<br \/>IEEE 802.11b\/g\/n 2.4 GHz &#8211; IEEE 802.11a\/n\/ac 5 GHz<br \/>Sistemas suportados<br \/>Windows 11\/10\/8.1\/8\/7 (32\/64 bits)<br \/>Dimens\u00f5es da Embalagem<br \/>14.60 cm X 20.50 cm X 4.20 cm<br \/>Peso Bruto<br \/>0.148 kg<\/p>\n","protected":false},"excerpt":{"rendered":"<p>Especifica\u00e7\u00f5es MarcaTP-LinkModeloArcher T3U PlusCorPretoInterfaceUSB 3.0Velocidade5 GHz: at\u00e9 867 Mbps &#8211; 2.4 GHz: at\u00e9 400 MbpsWi-Fi padr\u00e3oIEEE 802.11b\/g\/n 2.4 GHz &#8211; IEEE 802.11a\/n\/ac 5 GHzSistemas suportadosWindows 11\/10\/8.1\/8\/7 (32\/64 bits)Dimens\u00f5es da Embalagem14.60 cm X 20.50 cm X 4.20 cmPeso Bruto0.148 kg<\/p>\n","protected":false},"featured_media":7998,"comment_status":"open","ping_status":"closed","template":"","meta":{"om_disable_all_campaigns":false,"_uf_show_specific_survey":0,"_uf_disable_surveys":false},"pwb-brand":[],"product_cat":[33,50,44,79],"product_tag":[],"class_list":{"0":"post-3539","1":"product","2":"type-product","3":"status-publish","4":"has-post-thumbnail","6":"product_cat-acessorios-e-perifericos","7":"product_cat-adaptadores","8":"product_cat-informatica","9":"product_cat-perifericos","11":"first","12":"instock","13":"sale","14":"taxable","15":"shipping-taxable","16":"purchasable","17":"product-type-simple"},"aioseo_notices":[],"jetpack_sharing_enabled":true,"brands":[],"_links":{"self":[{"href":"https:\/\/mixshoppjc.com\/index.php?rest_route=\/wp\/v2\/product\/3539","targetHints":{"allow":["GET"]}}],"collection":[{"href":"https:\/\/mixshoppjc.com\/index.php?rest_route=\/wp\/v2\/product"}],"about":[{"href":"https:\/\/mixshoppjc.com\/index.php?rest_route=\/wp\/v2\/types\/product"}],"replies":[{"embeddable":true,"href":"https:\/\/mixshoppjc.com\/index.php?rest_route=%2Fwp%2Fv2%2Fcomments&post=3539"}],"wp:featuredmedia":[{"embeddable":true,"href":"https:\/\/mixshoppjc.com\/index.php?rest_route=\/wp\/v2\/media\/7998"}],"wp:attachment":[{"href":"https:\/\/mixshoppjc.com\/index.php?rest_route=%2Fwp%2Fv2%2Fmedia&parent=3539"}],"wp:term":[{"taxonomy":"pwb-brand","embeddable":true,"href":"https:\/\/mixshoppjc.com\/index.php?rest_route=%2Fwp%2Fv2%2Fpwb-brand&post=3539"},{"taxonomy":"product_cat","embeddable":true,"href":"https:\/\/mixshoppjc.com\/index.php?rest_route=%2Fwp%2Fv2%2Fproduct_cat&post=3539"},{"taxonomy":"product_tag","embeddable":true,"href":"https:\/\/mixshoppjc.com\/index.php?rest_route=%2Fwp%2Fv2%2Fproduct_tag&post=3539"}],"curies":[{"name":"wp","href":"https:\/\/api.w.org\/{rel}","templated":true}]}}