{"id":3534,"date":"2024-02-16T16:30:39","date_gmt":"2024-02-16T19:30:39","guid":{"rendered":"https:\/\/mixshoppjc.com\/index.php\/product\/produto-945\/"},"modified":"2024-03-13T10:20:01","modified_gmt":"2024-03-13T13:20:01","slug":"produto-945","status":"publish","type":"product","link":"https:\/\/mixshoppjc.com\/?product=produto-945","title":{"rendered":"Adaptador Wireless TP-Link Archer T2U &#8211; 600Mbps &#8211..."},"content":{"rendered":"<p>Especifica\u00e7\u00f5es<\/p>\n<p>Marca<br \/>TP-Link<br \/>Modelo<br \/>Archer T2U<br \/>Cor<br \/>Preto<br \/>Conectividade<br \/>Wi-Fi &#8211; USB 2.0<br \/>Padr\u00e3o Wi-Fi<br \/>IEEE 802.11ac &#8211; IEEE 802.11a &#8211; IEEE 802.11n &#8211; IEEE 802.11g &#8211; IEEE 802.11b<br \/>Transfer\u00eancia de dados (Banda 1)<br \/>433Mbps 5 GHz<br \/>Transfer\u00eancia de dados (Banda 2)<br \/>150 Mbps 2.4 GHz<br \/>Dimens\u00f5es da Embalagem<br \/>13.90 cm X 12.80 cm X 3.00 cm<br \/>Peso Bruto<br \/>0.065 kg<\/p>\n","protected":false},"excerpt":{"rendered":"<p>Especifica\u00e7\u00f5es MarcaTP-LinkModeloArcher T2UCorPretoConectividadeWi-Fi &#8211; USB 2.0Padr\u00e3o Wi-FiIEEE 802.11ac &#8211; IEEE 802.11a &#8211; IEEE 802.11n &#8211; IEEE 802.11g &#8211; IEEE 802.11bTransfer\u00eancia de dados (Banda 1)433Mbps 5 GHzTransfer\u00eancia de dados (Banda 2)150 Mbps 2.4 GHzDimens\u00f5es da Embalagem13.90 cm X 12.80 cm X 3.00 cmPeso Bruto0.065 kg<\/p>\n","protected":false},"featured_media":8007,"comment_status":"open","ping_status":"closed","template":"","meta":{"om_disable_all_campaigns":false,"_uf_show_specific_survey":0,"_uf_disable_surveys":false},"pwb-brand":[],"product_cat":[33,50,44,79],"product_tag":[],"class_list":{"0":"post-3534","1":"product","2":"type-product","3":"status-publish","4":"has-post-thumbnail","6":"product_cat-acessorios-e-perifericos","7":"product_cat-adaptadores","8":"product_cat-informatica","9":"product_cat-perifericos","11":"first","12":"instock","13":"sale","14":"taxable","15":"shipping-taxable","16":"purchasable","17":"product-type-simple"},"aioseo_notices":[],"jetpack_sharing_enabled":true,"brands":[],"_links":{"self":[{"href":"https:\/\/mixshoppjc.com\/index.php?rest_route=\/wp\/v2\/product\/3534","targetHints":{"allow":["GET"]}}],"collection":[{"href":"https:\/\/mixshoppjc.com\/index.php?rest_route=\/wp\/v2\/product"}],"about":[{"href":"https:\/\/mixshoppjc.com\/index.php?rest_route=\/wp\/v2\/types\/product"}],"replies":[{"embeddable":true,"href":"https:\/\/mixshoppjc.com\/index.php?rest_route=%2Fwp%2Fv2%2Fcomments&post=3534"}],"wp:featuredmedia":[{"embeddable":true,"href":"https:\/\/mixshoppjc.com\/index.php?rest_route=\/wp\/v2\/media\/8007"}],"wp:attachment":[{"href":"https:\/\/mixshoppjc.com\/index.php?rest_route=%2Fwp%2Fv2%2Fmedia&parent=3534"}],"wp:term":[{"taxonomy":"pwb-brand","embeddable":true,"href":"https:\/\/mixshoppjc.com\/index.php?rest_route=%2Fwp%2Fv2%2Fpwb-brand&post=3534"},{"taxonomy":"product_cat","embeddable":true,"href":"https:\/\/mixshoppjc.com\/index.php?rest_route=%2Fwp%2Fv2%2Fproduct_cat&post=3534"},{"taxonomy":"product_tag","embeddable":true,"href":"https:\/\/mixshoppjc.com\/index.php?rest_route=%2Fwp%2Fv2%2Fproduct_tag&post=3534"}],"curies":[{"name":"wp","href":"https:\/\/api.w.org\/{rel}","templated":true}]}}