{"id":3528,"date":"2024-02-16T16:30:34","date_gmt":"2024-02-16T19:30:34","guid":{"rendered":"https:\/\/mixshoppjc.com\/index.php\/product\/produto-939\/"},"modified":"2024-03-13T10:53:18","modified_gmt":"2024-03-13T13:53:18","slug":"produto-939","status":"publish","type":"product","link":"https:\/\/mixshoppjc.com\/?product=produto-939","title":{"rendered":"Adaptador Wireless TP-Link TL-WN823N &#8211; 300Mbps &#8211;..."},"content":{"rendered":"<p>Especifica\u00e7\u00f5es<\/p>\n<p>Marca<br \/>TP-Link<br \/>Modelo<br \/>TL-WN823N<br \/>Cor<br \/>Preto<br \/>Conectividade<br \/>Wi-Fi &#8211; USB 2.0<br \/>Padr\u00e3o Wi-Fi<br \/>IEEE 802.11b &#8211; IEEE 802.11g &#8211; IEEE 802.11n<br \/>Transfer\u00eancia de dados (Banda 1)<br \/>300Mbps 2.4 GHz<br \/>Dimens\u00f5es da Embalagem<br \/>13.70 cm X 12.80 cm X 3.00 cm<br \/>Peso Bruto<br \/>0.065 kg<\/p>\n","protected":false},"excerpt":{"rendered":"<p>Especifica\u00e7\u00f5es MarcaTP-LinkModeloTL-WN823NCorPretoConectividadeWi-Fi &#8211; USB 2.0Padr\u00e3o Wi-FiIEEE 802.11b &#8211; IEEE 802.11g &#8211; IEEE 802.11nTransfer\u00eancia de dados (Banda 1)300Mbps 2.4 GHzDimens\u00f5es da Embalagem13.70 cm X 12.80 cm X 3.00 cmPeso Bruto0.065 kg<\/p>\n","protected":false},"featured_media":8025,"comment_status":"open","ping_status":"closed","template":"","meta":{"om_disable_all_campaigns":false,"_uf_show_specific_survey":0,"_uf_disable_surveys":false},"pwb-brand":[],"product_cat":[33,50,44,79],"product_tag":[],"class_list":{"0":"post-3528","1":"product","2":"type-product","3":"status-publish","4":"has-post-thumbnail","6":"product_cat-acessorios-e-perifericos","7":"product_cat-adaptadores","8":"product_cat-informatica","9":"product_cat-perifericos","11":"first","12":"instock","13":"sale","14":"taxable","15":"shipping-taxable","16":"purchasable","17":"product-type-simple"},"aioseo_notices":[],"jetpack_sharing_enabled":true,"brands":[],"_links":{"self":[{"href":"https:\/\/mixshoppjc.com\/index.php?rest_route=\/wp\/v2\/product\/3528","targetHints":{"allow":["GET"]}}],"collection":[{"href":"https:\/\/mixshoppjc.com\/index.php?rest_route=\/wp\/v2\/product"}],"about":[{"href":"https:\/\/mixshoppjc.com\/index.php?rest_route=\/wp\/v2\/types\/product"}],"replies":[{"embeddable":true,"href":"https:\/\/mixshoppjc.com\/index.php?rest_route=%2Fwp%2Fv2%2Fcomments&post=3528"}],"wp:featuredmedia":[{"embeddable":true,"href":"https:\/\/mixshoppjc.com\/index.php?rest_route=\/wp\/v2\/media\/8025"}],"wp:attachment":[{"href":"https:\/\/mixshoppjc.com\/index.php?rest_route=%2Fwp%2Fv2%2Fmedia&parent=3528"}],"wp:term":[{"taxonomy":"pwb-brand","embeddable":true,"href":"https:\/\/mixshoppjc.com\/index.php?rest_route=%2Fwp%2Fv2%2Fpwb-brand&post=3528"},{"taxonomy":"product_cat","embeddable":true,"href":"https:\/\/mixshoppjc.com\/index.php?rest_route=%2Fwp%2Fv2%2Fproduct_cat&post=3528"},{"taxonomy":"product_tag","embeddable":true,"href":"https:\/\/mixshoppjc.com\/index.php?rest_route=%2Fwp%2Fv2%2Fproduct_tag&post=3528"}],"curies":[{"name":"wp","href":"https:\/\/api.w.org\/{rel}","templated":true}]}}