{"id":3080,"date":"2024-02-16T15:59:10","date_gmt":"2024-02-16T18:59:10","guid":{"rendered":"https:\/\/mixshoppjc.com\/index.php\/product\/produto-496\/"},"modified":"2024-03-12T14:14:16","modified_gmt":"2024-03-12T17:14:16","slug":"produto-496","status":"publish","type":"product","link":"https:\/\/mixshoppjc.com\/?product=produto-496","title":{"rendered":"SmartWatch Blulory Glifo 8 Ultra &#8211; Bluetooth &#8211; B..."},"content":{"rendered":"<h3 class=\"visby-bold f40-home texto-madrid bold mb-2\">Especifica\u00e7\u00f5es<\/h3>\n<hr \/>\n<div class=\"w-100 rounded20 bordinha-cinza mt-3 mb-5\">\n<div id=\"item_product2\" class=\"col-12 item_product active\">\n<div class=\"col-12 box_detail\">\n<div class=\"col-12 item_detail item_dark \">\n<div class=\"col-6 item\">Marca<\/div>\n<div class=\"col-6 item\">Blulory<\/div>\n<\/div>\n<div class=\"col-12 item_detail \">\n<div class=\"col-6 item\">Modelo<\/div>\n<div class=\"col-6 item\">Glifo 8 Ultra<\/div>\n<\/div>\n<div class=\"col-12 item_detail item_dark \">\n<div class=\"col-6 item\">Cor<\/div>\n<div class=\"col-6 item\">Branco<\/div>\n<\/div>\n<div class=\"col-12 item_detail \">\n<div class=\"col-6 item\">Tela<\/div>\n<div class=\"col-6 item\">HD de 2.1 polegadas<\/div>\n<\/div>\n<div class=\"col-12 item_detail item_dark \">\n<div class=\"col-6 item\">Conectividade<\/div>\n<div class=\"col-6 item\">Bluetooth 5.0<\/div>\n<\/div>\n<div class=\"col-12 item_detail \">\n<div class=\"col-6 item\">Fun\u00e7\u00f5es<\/div>\n<div class=\"col-6 item\">Monitor de frequ\u00eancia card\u00edaca (HR)<\/div>\n<\/div>\n<div class=\"col-12 item_detail item_dark \">\n<div class=\"col-6 item\">Bateria<\/div>\n<div class=\"col-6 item\">280mAh<\/div>\n<\/div>\n<div class=\"col-12 item_detail \">\n<div class=\"col-6 item\">Dimens\u00f5es da Embalagem<\/div>\n<div class=\"col-6 item\">16.00 cm X 10.20 cm X 3.20 cm<\/div>\n<\/div>\n<div class=\"col-12 item_detail item_dark \">\n<div class=\"col-6 item\">Peso Bruto<\/div>\n<div class=\"col-6 item\">0.160 kg<\/div>\n<\/div>\n<\/div>\n<\/div>\n<\/div>\n","protected":false},"excerpt":{"rendered":"<p>Especifica\u00e7\u00f5es Marca Blulory Modelo Glifo 8 Ultra Cor Branco Tela HD de 2.1 polegadas Conectividade Bluetooth 5.0 Fun\u00e7\u00f5es Monitor de frequ\u00eancia card\u00edaca (HR) Bateria 280mAh Dimens\u00f5es da Embalagem 16.00 cm X 10.20 cm X 3.20 cm Peso Bruto 0.160 kg<\/p>\n","protected":false},"featured_media":3083,"comment_status":"open","ping_status":"closed","template":"","meta":{"om_disable_all_campaigns":false,"_uf_show_specific_survey":0,"_uf_disable_surveys":false},"pwb-brand":[],"product_cat":[39,47,72],"product_tag":[],"class_list":{"0":"post-3080","1":"product","2":"type-product","3":"status-publish","4":"has-post-thumbnail","6":"product_cat-celulares-tablets","7":"product_cat-relogio","8":"product_cat-smartwatch","10":"first","11":"instock","12":"sale","13":"taxable","14":"shipping-taxable","15":"purchasable","16":"product-type-simple"},"aioseo_notices":[],"jetpack_sharing_enabled":true,"brands":[],"_links":{"self":[{"href":"https:\/\/mixshoppjc.com\/index.php?rest_route=\/wp\/v2\/product\/3080","targetHints":{"allow":["GET"]}}],"collection":[{"href":"https:\/\/mixshoppjc.com\/index.php?rest_route=\/wp\/v2\/product"}],"about":[{"href":"https:\/\/mixshoppjc.com\/index.php?rest_route=\/wp\/v2\/types\/product"}],"replies":[{"embeddable":true,"href":"https:\/\/mixshoppjc.com\/index.php?rest_route=%2Fwp%2Fv2%2Fcomments&post=3080"}],"wp:featuredmedia":[{"embeddable":true,"href":"https:\/\/mixshoppjc.com\/index.php?rest_route=\/wp\/v2\/media\/3083"}],"wp:attachment":[{"href":"https:\/\/mixshoppjc.com\/index.php?rest_route=%2Fwp%2Fv2%2Fmedia&parent=3080"}],"wp:term":[{"taxonomy":"pwb-brand","embeddable":true,"href":"https:\/\/mixshoppjc.com\/index.php?rest_route=%2Fwp%2Fv2%2Fpwb-brand&post=3080"},{"taxonomy":"product_cat","embeddable":true,"href":"https:\/\/mixshoppjc.com\/index.php?rest_route=%2Fwp%2Fv2%2Fproduct_cat&post=3080"},{"taxonomy":"product_tag","embeddable":true,"href":"https:\/\/mixshoppjc.com\/index.php?rest_route=%2Fwp%2Fv2%2Fproduct_tag&post=3080"}],"curies":[{"name":"wp","href":"https:\/\/api.w.org\/{rel}","templated":true}]}}