{"id":2782,"date":"2024-02-16T15:46:07","date_gmt":"2024-02-16T18:46:07","guid":{"rendered":"https:\/\/mixshoppjc.com\/index.php\/product\/produto-199\/"},"modified":"2024-03-08T13:33:32","modified_gmt":"2024-03-08T16:33:32","slug":"produto-199","status":"publish","type":"product","link":"https:\/\/mixshoppjc.com\/?product=produto-199","title":{"rendered":"Smartwatch Xiaomi Amazfit GTR 2 A1952 47mm &#8211; Thunder B..."},"content":{"rendered":"<p><strong>Modelo<\/strong>Amazfit GTR 2 A1952<br \/><strong>Sistema operacional<\/strong>Zepp App<br \/><strong>Tipo de tela<\/strong>Amoled Touch de 1.39&#8243;<br \/><strong>Tamanho da caixa<\/strong>47 mm<br \/><strong>Compatibilidade<\/strong>Android- iOS<br \/><strong>Conectividade wireless<\/strong>Bluetooth 5.0<br \/><strong>Chamadas<\/strong>Sim<br \/><strong>Notifica\u00e7\u00f5es de mensagens<\/strong>Sim<br \/><strong>Monitoramento de sa\u00fade<\/strong>Monitoramento da frequ\u00eancia card\u00edaca<br \/><strong>Resist\u00eancia \u00e0 \u00e1gua<\/strong>5 ATM ( 50 metros )<br \/><strong>Bateria<\/strong>471 mAh<br \/><strong>Autonomia da bateria<\/strong>11 dias<br \/><strong>Pulseira<\/strong>Silicone<br \/><strong>Cor<\/strong>Preto<br \/><strong>Observa\u00e7\u00f5es<\/strong>**NEW VERSION**<br \/><strong>Peso bruto<\/strong>259 g<br \/><strong>Conte\u00fado da embalagem<\/strong>Cabo USB para recarga &#8211; Manual<\/p>\n","protected":false},"excerpt":{"rendered":"<p>ModeloAmazfit GTR 2 A1952Sistema operacionalZepp AppTipo de telaAmoled Touch de 1.39&#8243;Tamanho da caixa47 mmCompatibilidadeAndroid- iOSConectividade wirelessBluetooth 5.0ChamadasSimNotifica\u00e7\u00f5es de mensagensSimMonitoramento de sa\u00fadeMonitoramento da frequ\u00eancia card\u00edacaResist\u00eancia \u00e0 \u00e1gua5 ATM ( 50 metros )Bateria471 mAhAutonomia da bateria11 diasPulseiraSiliconeCorPretoObserva\u00e7\u00f5es**NEW VERSION**Peso bruto259 gConte\u00fado da embalagemCabo USB para recarga &#8211; Manual<\/p>\n","protected":false},"featured_media":7608,"comment_status":"open","ping_status":"closed","template":"","meta":{"om_disable_all_campaigns":false,"_uf_show_specific_survey":0,"_uf_disable_surveys":false},"pwb-brand":[],"product_cat":[187,39,47,72],"product_tag":[],"class_list":{"0":"post-2782","1":"product","2":"type-product","3":"status-publish","4":"has-post-thumbnail","6":"product_cat-novidades","7":"product_cat-celulares-tablets","8":"product_cat-relogio","9":"product_cat-smartwatch","11":"first","12":"instock","13":"sale","14":"featured","15":"taxable","16":"shipping-taxable","17":"purchasable","18":"product-type-simple"},"aioseo_notices":[],"jetpack_sharing_enabled":true,"brands":[],"_links":{"self":[{"href":"https:\/\/mixshoppjc.com\/index.php?rest_route=\/wp\/v2\/product\/2782","targetHints":{"allow":["GET"]}}],"collection":[{"href":"https:\/\/mixshoppjc.com\/index.php?rest_route=\/wp\/v2\/product"}],"about":[{"href":"https:\/\/mixshoppjc.com\/index.php?rest_route=\/wp\/v2\/types\/product"}],"replies":[{"embeddable":true,"href":"https:\/\/mixshoppjc.com\/index.php?rest_route=%2Fwp%2Fv2%2Fcomments&post=2782"}],"wp:featuredmedia":[{"embeddable":true,"href":"https:\/\/mixshoppjc.com\/index.php?rest_route=\/wp\/v2\/media\/7608"}],"wp:attachment":[{"href":"https:\/\/mixshoppjc.com\/index.php?rest_route=%2Fwp%2Fv2%2Fmedia&parent=2782"}],"wp:term":[{"taxonomy":"pwb-brand","embeddable":true,"href":"https:\/\/mixshoppjc.com\/index.php?rest_route=%2Fwp%2Fv2%2Fpwb-brand&post=2782"},{"taxonomy":"product_cat","embeddable":true,"href":"https:\/\/mixshoppjc.com\/index.php?rest_route=%2Fwp%2Fv2%2Fproduct_cat&post=2782"},{"taxonomy":"product_tag","embeddable":true,"href":"https:\/\/mixshoppjc.com\/index.php?rest_route=%2Fwp%2Fv2%2Fproduct_tag&post=2782"}],"curies":[{"name":"wp","href":"https:\/\/api.w.org\/{rel}","templated":true}]}}