{"id":2781,"date":"2024-02-16T15:46:07","date_gmt":"2024-02-16T18:46:07","guid":{"rendered":"https:\/\/mixshoppjc.com\/index.php\/product\/produto-198\/"},"modified":"2024-03-08T13:39:18","modified_gmt":"2024-03-08T16:39:18","slug":"produto-198","status":"publish","type":"product","link":"https:\/\/mixshoppjc.com\/?product=produto-198","title":{"rendered":"Smartwatch Haylou Solar Pro LS18 22mm &#8211; Marrom"},"content":{"rendered":"<p><strong>Modelo<\/strong>Solar Pro<br \/><strong>Tipo de tela<\/strong>AMOLED de 1,43&#8221;<br \/><strong>Tamanho da caixa<\/strong>22 mm<br \/><strong>Conectividade wireless<\/strong>Bluetooth<br \/><strong>Chamadas<\/strong>Sim<br \/><strong>Notifica\u00e7\u00f5es de mensagens<\/strong>Sim<br \/><strong>Monitoramento de sa\u00fade<\/strong>Sensor de frequ\u00eancia card\u00edaca | Sensor de movimento | Sensor SpO2 | Sensor de press\u00e3o<br \/><strong>Resist\u00eancia \u00e0 \u00e1gua<\/strong>2 ATM<br \/><strong>Bateria<\/strong>300 mAh<br \/><strong>Autonomia da bateria<\/strong>Aprox. 7 dias<br \/><strong>Cor<\/strong>Marrom<br \/><strong>Recursos<\/strong>AI Voice Assistant | Design Anti-Sedimentos<br \/><strong>Peso bruto<\/strong>45 g<br \/><strong>Dimens\u00f5es<\/strong>55 x 49 x 12 mm<\/p>\n","protected":false},"excerpt":{"rendered":"<p>ModeloSolar ProTipo de telaAMOLED de 1,43&#8221;Tamanho da caixa22 mmConectividade wirelessBluetoothChamadasSimNotifica\u00e7\u00f5es de mensagensSimMonitoramento de sa\u00fadeSensor de frequ\u00eancia card\u00edaca | Sensor de movimento | Sensor SpO2 | Sensor de press\u00e3oResist\u00eancia \u00e0 \u00e1gua2 ATMBateria300 mAhAutonomia da bateriaAprox. 7 diasCorMarromRecursosAI Voice Assistant | Design Anti-SedimentosPeso bruto45 gDimens\u00f5es55 x 49 x 12 mm<\/p>\n","protected":false},"featured_media":7611,"comment_status":"open","ping_status":"closed","template":"","meta":{"om_disable_all_campaigns":false,"_uf_show_specific_survey":0,"_uf_disable_surveys":false},"pwb-brand":[],"product_cat":[187,39,47,72],"product_tag":[],"class_list":{"0":"post-2781","1":"product","2":"type-product","3":"status-publish","4":"has-post-thumbnail","6":"product_cat-novidades","7":"product_cat-celulares-tablets","8":"product_cat-relogio","9":"product_cat-smartwatch","11":"first","12":"instock","13":"sale","14":"taxable","15":"shipping-taxable","16":"purchasable","17":"product-type-simple"},"aioseo_notices":[],"jetpack_sharing_enabled":true,"brands":[],"_links":{"self":[{"href":"https:\/\/mixshoppjc.com\/index.php?rest_route=\/wp\/v2\/product\/2781","targetHints":{"allow":["GET"]}}],"collection":[{"href":"https:\/\/mixshoppjc.com\/index.php?rest_route=\/wp\/v2\/product"}],"about":[{"href":"https:\/\/mixshoppjc.com\/index.php?rest_route=\/wp\/v2\/types\/product"}],"replies":[{"embeddable":true,"href":"https:\/\/mixshoppjc.com\/index.php?rest_route=%2Fwp%2Fv2%2Fcomments&post=2781"}],"wp:featuredmedia":[{"embeddable":true,"href":"https:\/\/mixshoppjc.com\/index.php?rest_route=\/wp\/v2\/media\/7611"}],"wp:attachment":[{"href":"https:\/\/mixshoppjc.com\/index.php?rest_route=%2Fwp%2Fv2%2Fmedia&parent=2781"}],"wp:term":[{"taxonomy":"pwb-brand","embeddable":true,"href":"https:\/\/mixshoppjc.com\/index.php?rest_route=%2Fwp%2Fv2%2Fpwb-brand&post=2781"},{"taxonomy":"product_cat","embeddable":true,"href":"https:\/\/mixshoppjc.com\/index.php?rest_route=%2Fwp%2Fv2%2Fproduct_cat&post=2781"},{"taxonomy":"product_tag","embeddable":true,"href":"https:\/\/mixshoppjc.com\/index.php?rest_route=%2Fwp%2Fv2%2Fproduct_tag&post=2781"}],"curies":[{"name":"wp","href":"https:\/\/api.w.org\/{rel}","templated":true}]}}