{"id":2717,"date":"2024-02-16T15:45:30","date_gmt":"2024-02-16T18:45:30","guid":{"rendered":"https:\/\/mixshoppjc.com\/index.php\/product\/produto-134\/"},"modified":"2024-03-12T17:37:02","modified_gmt":"2024-03-12T20:37:02","slug":"produto-134","status":"publish","type":"product","link":"https:\/\/mixshoppjc.com\/?product=produto-134","title":{"rendered":"Headset Gamer Satellite GH-402 com USB-C para PC \/ Smartphon..."},"content":{"rendered":"<p>Especifica\u00e7\u00f5es<br \/>MARCA<br \/>Satellite<br \/>MODELO<br \/>GH-402<br \/>COR<br \/>Preto<br \/>ALTO-FALANTE<br \/>40 mm<br \/>CONECTOR<br \/>USB-C<br \/>COMPATIBILIDADE<br \/>PC, Smartphone, Tablet, entre outros dispositivos com entrada USB-C<br \/>SENSIBILIDADE<br \/>Headset: 105 + 5 dB &#8211; Micr\u00f3fono: -38 \u00b1 3 dB<br \/>IMPED\u00c2NCIA<br \/>Headset: 32 Ohms \u00b1 5% &#8211; Micr\u00f3fono: 2.2K Ohms<br \/>RESPOSTA DE FREQU\u00caNCIA<br \/>20Hz &#8211; 20kHz<br \/>CARACTER\u00cdSTICAS<br \/>Possui protetores com almofadas e arco ajust\u00e1vel e acolchoado &#8211; Conta com controle de volume e bot\u00e3o para ativar e desativar o microfone integrados no cabo<br \/>LED<br \/>Dynamic RGB, integrados na parte externa dos protetores<br \/>COMPRIMENTO DO CABO<br \/>2.2 metros<br \/>PESO BRUTO (g)<br \/>344<br \/>DIMENS\u00d5ES DA EMBALAGEM (cm)<br \/>20.6 x 9.1 x 23.3<\/p>\n","protected":false},"excerpt":{"rendered":"<p>Especifica\u00e7\u00f5esMARCASatelliteMODELOGH-402CORPretoALTO-FALANTE40 mmCONECTORUSB-CCOMPATIBILIDADEPC, Smartphone, Tablet, entre outros dispositivos com entrada USB-CSENSIBILIDADEHeadset: 105 + 5 dB &#8211; Micr\u00f3fono: -38 \u00b1 3 dBIMPED\u00c2NCIAHeadset: 32 Ohms \u00b1 5% &#8211; Micr\u00f3fono: 2.2K OhmsRESPOSTA DE FREQU\u00caNCIA20Hz &#8211; 20kHzCARACTER\u00cdSTICASPossui protetores com almofadas e arco ajust\u00e1vel e acolchoado &#8211; Conta com controle de volume e bot\u00e3o para ativar e desativar o microfone integrados [&hellip;]<\/p>\n","protected":false},"featured_media":7944,"comment_status":"open","ping_status":"closed","template":"","meta":{"om_disable_all_campaigns":false,"_uf_show_specific_survey":0,"_uf_disable_surveys":false},"pwb-brand":[],"product_cat":[184,187,44],"product_tag":[],"class_list":{"0":"post-2717","1":"product","2":"type-product","3":"status-publish","4":"has-post-thumbnail","6":"product_cat-headsets","7":"product_cat-novidades","8":"product_cat-informatica","10":"first","11":"instock","12":"sale","13":"taxable","14":"shipping-taxable","15":"purchasable","16":"product-type-simple"},"aioseo_notices":[],"jetpack_sharing_enabled":true,"brands":[],"_links":{"self":[{"href":"https:\/\/mixshoppjc.com\/index.php?rest_route=\/wp\/v2\/product\/2717","targetHints":{"allow":["GET"]}}],"collection":[{"href":"https:\/\/mixshoppjc.com\/index.php?rest_route=\/wp\/v2\/product"}],"about":[{"href":"https:\/\/mixshoppjc.com\/index.php?rest_route=\/wp\/v2\/types\/product"}],"replies":[{"embeddable":true,"href":"https:\/\/mixshoppjc.com\/index.php?rest_route=%2Fwp%2Fv2%2Fcomments&post=2717"}],"wp:featuredmedia":[{"embeddable":true,"href":"https:\/\/mixshoppjc.com\/index.php?rest_route=\/wp\/v2\/media\/7944"}],"wp:attachment":[{"href":"https:\/\/mixshoppjc.com\/index.php?rest_route=%2Fwp%2Fv2%2Fmedia&parent=2717"}],"wp:term":[{"taxonomy":"pwb-brand","embeddable":true,"href":"https:\/\/mixshoppjc.com\/index.php?rest_route=%2Fwp%2Fv2%2Fpwb-brand&post=2717"},{"taxonomy":"product_cat","embeddable":true,"href":"https:\/\/mixshoppjc.com\/index.php?rest_route=%2Fwp%2Fv2%2Fproduct_cat&post=2717"},{"taxonomy":"product_tag","embeddable":true,"href":"https:\/\/mixshoppjc.com\/index.php?rest_route=%2Fwp%2Fv2%2Fproduct_tag&post=2717"}],"curies":[{"name":"wp","href":"https:\/\/api.w.org\/{rel}","templated":true}]}}