{"id":2636,"date":"2024-02-16T15:44:44","date_gmt":"2024-02-16T18:44:44","guid":{"rendered":"https:\/\/mixshoppjc.com\/index.php\/product\/produto-53\/"},"modified":"2024-03-02T17:26:16","modified_gmt":"2024-03-02T20:26:16","slug":"produto-53","status":"publish","type":"product","link":"https:\/\/mixshoppjc.com\/?product=produto-53","title":{"rendered":"Cortador de Cabelo voyager VGR V-970 &#8211; Recarreg\u00e1vel &..."},"content":{"rendered":"<p>Especifica\u00e7\u00f5es<\/p>\n<p>Marca<br \/>VGR<br \/>Modelo<br \/>V-970<br \/>Cor<br \/>Prata<br \/>Velocidades<br \/>5<br \/>Bateria<br \/>2000mAh<br \/>Tempo de recarga<br \/>3.5 horas<br \/>Dura\u00e7\u00e3o da carga<br \/>240 minutos<br \/>Uso<br \/>Para: Rosto &#8211; Corpo &#8211; Cabe\u00e7a &#8211; Axilas &#8211; Costas &#8211; Pesco\u00e7o &#8211; Bra\u00e7o &#8211; P\u00ealos pubianos<br \/>Material<br \/>A\u00e7o inoxid\u00e1vel<br \/>Acess\u00f3rios<br \/>4x pentes guia 2 \/ 3 \/ 4 mm &#8211; Escova de limpeza &#8211; Cabo de carregamento USB<br \/>Voltagem<br \/>Bivolt<br \/>Dimens\u00f5es da Embalagem<br \/>19.60 cm X 13.20 cm X 7.50 cm<br \/>Peso Bruto<br \/>0.508 kg<\/p>\n","protected":false},"excerpt":{"rendered":"<p>Especifica\u00e7\u00f5es MarcaVGRModeloV-970CorPrataVelocidades5Bateria2000mAhTempo de recarga3.5 horasDura\u00e7\u00e3o da carga240 minutosUsoPara: Rosto &#8211; Corpo &#8211; Cabe\u00e7a &#8211; Axilas &#8211; Costas &#8211; Pesco\u00e7o &#8211; Bra\u00e7o &#8211; P\u00ealos pubianosMaterialA\u00e7o inoxid\u00e1velAcess\u00f3rios4x pentes guia 2 \/ 3 \/ 4 mm &#8211; Escova de limpeza &#8211; Cabo de carregamento USBVoltagemBivoltDimens\u00f5es da Embalagem19.60 cm X 13.20 cm X 7.50 cmPeso Bruto0.508 kg<\/p>\n","protected":false},"featured_media":7496,"comment_status":"open","ping_status":"closed","template":"","meta":{"om_disable_all_campaigns":false,"_uf_show_specific_survey":0,"_uf_disable_surveys":false},"pwb-brand":[],"product_cat":[35,78,77],"product_tag":[],"class_list":{"0":"post-2636","1":"product","2":"type-product","3":"status-publish","4":"has-post-thumbnail","6":"product_cat-beleza-e-saude","7":"product_cat-beleza","8":"product_cat-cortador-de-cabelo","10":"first","11":"instock","12":"sale","13":"taxable","14":"shipping-taxable","15":"purchasable","16":"product-type-simple"},"aioseo_notices":[],"jetpack_sharing_enabled":true,"brands":[],"_links":{"self":[{"href":"https:\/\/mixshoppjc.com\/index.php?rest_route=\/wp\/v2\/product\/2636","targetHints":{"allow":["GET"]}}],"collection":[{"href":"https:\/\/mixshoppjc.com\/index.php?rest_route=\/wp\/v2\/product"}],"about":[{"href":"https:\/\/mixshoppjc.com\/index.php?rest_route=\/wp\/v2\/types\/product"}],"replies":[{"embeddable":true,"href":"https:\/\/mixshoppjc.com\/index.php?rest_route=%2Fwp%2Fv2%2Fcomments&post=2636"}],"wp:featuredmedia":[{"embeddable":true,"href":"https:\/\/mixshoppjc.com\/index.php?rest_route=\/wp\/v2\/media\/7496"}],"wp:attachment":[{"href":"https:\/\/mixshoppjc.com\/index.php?rest_route=%2Fwp%2Fv2%2Fmedia&parent=2636"}],"wp:term":[{"taxonomy":"pwb-brand","embeddable":true,"href":"https:\/\/mixshoppjc.com\/index.php?rest_route=%2Fwp%2Fv2%2Fpwb-brand&post=2636"},{"taxonomy":"product_cat","embeddable":true,"href":"https:\/\/mixshoppjc.com\/index.php?rest_route=%2Fwp%2Fv2%2Fproduct_cat&post=2636"},{"taxonomy":"product_tag","embeddable":true,"href":"https:\/\/mixshoppjc.com\/index.php?rest_route=%2Fwp%2Fv2%2Fproduct_tag&post=2636"}],"curies":[{"name":"wp","href":"https:\/\/api.w.org\/{rel}","templated":true}]}}