{"id":2633,"date":"2024-02-16T15:44:43","date_gmt":"2024-02-16T18:44:43","guid":{"rendered":"https:\/\/mixshoppjc.com\/index.php\/product\/produto-50\/"},"modified":"2024-03-02T17:28:29","modified_gmt":"2024-03-02T20:28:29","slug":"produto-50","status":"publish","type":"product","link":"https:\/\/mixshoppjc.com\/?product=produto-50","title":{"rendered":"Cortador de  Cabelo voyager  VGR V-937 &#8211; 5W &#8211; Re..."},"content":{"rendered":"<p>Especifica\u00e7\u00f5es<\/p>\n<p>Marca<br \/>VGR<br \/>Modelo<br \/>VGR V-937<br \/>Cor<br \/>Preto<br \/>Pot\u00eancia<br \/>5W<br \/>Bateria<br \/>2000mAh<br \/>Tempo de recarga<br \/>4 horas<br \/>Dura\u00e7\u00e3o da carga<br \/>500 minutos<br \/>Uso<br \/>Para corte de cabelo &#8211; Barba e bigode &#8211; Tratamento corporal<br \/>Material<br \/>A\u00e7o inoxid\u00e1vel<br \/>Acess\u00f3rios<br \/>3x pentes de fixa\u00e7\u00e3o 1.5 \/3 \/ 4.5 mm &#8211; Pincel de limpeza &#8211; Protetor de l\u00e2mina &#8211; Cabo de carregamento USB<br \/>Voltagem<br \/>Bivolt<br \/>Dimens\u00f5es da Embalagem<br \/>19.70 cm X 9.60 cm X 6.50 cm<br \/>Peso Bruto<br \/>0.402 kg<\/p>\n","protected":false},"excerpt":{"rendered":"<p>Especifica\u00e7\u00f5es MarcaVGRModeloVGR V-937CorPretoPot\u00eancia5WBateria2000mAhTempo de recarga4 horasDura\u00e7\u00e3o da carga500 minutosUsoPara corte de cabelo &#8211; Barba e bigode &#8211; Tratamento corporalMaterialA\u00e7o inoxid\u00e1velAcess\u00f3rios3x pentes de fixa\u00e7\u00e3o 1.5 \/3 \/ 4.5 mm &#8211; Pincel de limpeza &#8211; Protetor de l\u00e2mina &#8211; Cabo de carregamento USBVoltagemBivoltDimens\u00f5es da Embalagem19.70 cm X 9.60 cm X 6.50 cmPeso Bruto0.402 kg<\/p>\n","protected":false},"featured_media":7498,"comment_status":"open","ping_status":"closed","template":"","meta":{"om_disable_all_campaigns":false,"_uf_show_specific_survey":0,"_uf_disable_surveys":false},"pwb-brand":[],"product_cat":[35,78,77],"product_tag":[],"class_list":{"0":"post-2633","1":"product","2":"type-product","3":"status-publish","4":"has-post-thumbnail","6":"product_cat-beleza-e-saude","7":"product_cat-beleza","8":"product_cat-cortador-de-cabelo","10":"first","11":"instock","12":"sale","13":"taxable","14":"shipping-taxable","15":"purchasable","16":"product-type-simple"},"aioseo_notices":[],"jetpack_sharing_enabled":true,"brands":[],"_links":{"self":[{"href":"https:\/\/mixshoppjc.com\/index.php?rest_route=\/wp\/v2\/product\/2633","targetHints":{"allow":["GET"]}}],"collection":[{"href":"https:\/\/mixshoppjc.com\/index.php?rest_route=\/wp\/v2\/product"}],"about":[{"href":"https:\/\/mixshoppjc.com\/index.php?rest_route=\/wp\/v2\/types\/product"}],"replies":[{"embeddable":true,"href":"https:\/\/mixshoppjc.com\/index.php?rest_route=%2Fwp%2Fv2%2Fcomments&post=2633"}],"wp:featuredmedia":[{"embeddable":true,"href":"https:\/\/mixshoppjc.com\/index.php?rest_route=\/wp\/v2\/media\/7498"}],"wp:attachment":[{"href":"https:\/\/mixshoppjc.com\/index.php?rest_route=%2Fwp%2Fv2%2Fmedia&parent=2633"}],"wp:term":[{"taxonomy":"pwb-brand","embeddable":true,"href":"https:\/\/mixshoppjc.com\/index.php?rest_route=%2Fwp%2Fv2%2Fpwb-brand&post=2633"},{"taxonomy":"product_cat","embeddable":true,"href":"https:\/\/mixshoppjc.com\/index.php?rest_route=%2Fwp%2Fv2%2Fproduct_cat&post=2633"},{"taxonomy":"product_tag","embeddable":true,"href":"https:\/\/mixshoppjc.com\/index.php?rest_route=%2Fwp%2Fv2%2Fproduct_tag&post=2633"}],"curies":[{"name":"wp","href":"https:\/\/api.w.org\/{rel}","templated":true}]}}