{"id":2631,"date":"2024-02-16T15:44:42","date_gmt":"2024-02-16T18:44:42","guid":{"rendered":"https:\/\/mixshoppjc.com\/index.php\/product\/produto-48\/"},"modified":"2024-03-02T17:35:17","modified_gmt":"2024-03-02T20:35:17","slug":"produto-48","status":"publish","type":"product","link":"https:\/\/mixshoppjc.com\/?product=produto-48","title":{"rendered":"Cortador Cabelo voyager VGR V-680 &#8211; 8W &#8211; Recarre..."},"content":{"rendered":"<p>Especifica\u00e7\u00f5es<\/p>\n<p>Marca<br \/>VGR<br \/>Modelo<br \/>V-680<br \/>Cor<br \/>Prata &#8211; Preto<br \/>Pot\u00eancia<br \/>8W<br \/>Acess\u00f3rios<br \/>4x Pentes guia &#8211; Tampa de prote\u00e7\u00e3o &#8211; Escova de Limpeza &#8211; \u00d3leo &#8211; Cabo USB para carregar<br \/>Tempo de recarga<br \/>3 horas<br \/>Dura\u00e7\u00e3o da carga<br \/>200 minutos<br \/>Uso<br \/>Cabelo<br \/>Material<br \/>Metal &#8211; L\u00e2mina de a\u00e7o inoxid\u00e1vel<br \/>Dimens\u00f5es da Embalagem<br \/>23.50 cm X 13.50 cm X 7.30 cm<br \/>Peso Bruto<br \/>0.790 kg<\/p>\n","protected":false},"excerpt":{"rendered":"<p>Especifica\u00e7\u00f5es MarcaVGRModeloV-680CorPrata &#8211; PretoPot\u00eancia8WAcess\u00f3rios4x Pentes guia &#8211; Tampa de prote\u00e7\u00e3o &#8211; Escova de Limpeza &#8211; \u00d3leo &#8211; Cabo USB para carregarTempo de recarga3 horasDura\u00e7\u00e3o da carga200 minutosUsoCabeloMaterialMetal &#8211; L\u00e2mina de a\u00e7o inoxid\u00e1velDimens\u00f5es da Embalagem23.50 cm X 13.50 cm X 7.30 cmPeso Bruto0.790 kg<\/p>\n","protected":false},"featured_media":7502,"comment_status":"open","ping_status":"closed","template":"","meta":{"om_disable_all_campaigns":false,"_uf_show_specific_survey":0,"_uf_disable_surveys":false},"pwb-brand":[],"product_cat":[35,78,77],"product_tag":[],"class_list":{"0":"post-2631","1":"product","2":"type-product","3":"status-publish","4":"has-post-thumbnail","6":"product_cat-beleza-e-saude","7":"product_cat-beleza","8":"product_cat-cortador-de-cabelo","10":"first","11":"instock","12":"sale","13":"taxable","14":"shipping-taxable","15":"purchasable","16":"product-type-simple"},"aioseo_notices":[],"jetpack_sharing_enabled":true,"brands":[],"_links":{"self":[{"href":"https:\/\/mixshoppjc.com\/index.php?rest_route=\/wp\/v2\/product\/2631","targetHints":{"allow":["GET"]}}],"collection":[{"href":"https:\/\/mixshoppjc.com\/index.php?rest_route=\/wp\/v2\/product"}],"about":[{"href":"https:\/\/mixshoppjc.com\/index.php?rest_route=\/wp\/v2\/types\/product"}],"replies":[{"embeddable":true,"href":"https:\/\/mixshoppjc.com\/index.php?rest_route=%2Fwp%2Fv2%2Fcomments&post=2631"}],"wp:featuredmedia":[{"embeddable":true,"href":"https:\/\/mixshoppjc.com\/index.php?rest_route=\/wp\/v2\/media\/7502"}],"wp:attachment":[{"href":"https:\/\/mixshoppjc.com\/index.php?rest_route=%2Fwp%2Fv2%2Fmedia&parent=2631"}],"wp:term":[{"taxonomy":"pwb-brand","embeddable":true,"href":"https:\/\/mixshoppjc.com\/index.php?rest_route=%2Fwp%2Fv2%2Fpwb-brand&post=2631"},{"taxonomy":"product_cat","embeddable":true,"href":"https:\/\/mixshoppjc.com\/index.php?rest_route=%2Fwp%2Fv2%2Fproduct_cat&post=2631"},{"taxonomy":"product_tag","embeddable":true,"href":"https:\/\/mixshoppjc.com\/index.php?rest_route=%2Fwp%2Fv2%2Fproduct_tag&post=2631"}],"curies":[{"name":"wp","href":"https:\/\/api.w.org\/{rel}","templated":true}]}}