{"id":2628,"date":"2024-02-16T15:44:40","date_gmt":"2024-02-16T18:44:40","guid":{"rendered":"https:\/\/mixshoppjc.com\/index.php\/product\/produto-45\/"},"modified":"2024-03-02T18:10:53","modified_gmt":"2024-03-02T21:10:53","slug":"produto-45","status":"publish","type":"product","link":"https:\/\/mixshoppjc.com\/?product=produto-45","title":{"rendered":"Headset Gaming HP H200GS 7.1 com USB para PC \/ PS4 \/ Xbox e ..."},"content":{"rendered":"<p>Especifica\u00e7\u00f5es<br \/>MARCA<br \/>HP<br \/>MODELO<br \/>H200GS<br \/>COR<br \/>Preto<br \/>ALTO-FALANTE<br \/>50 mm<br \/>CONECTOR<br \/>USB 2.0<br \/>COMPATIBILIDADE<br \/>PC, PlayStation 4, Xbox One, Smartphone, entre outros aparelhos\/dispositivos com entrada USB 2.0<br \/>\u00c1UDIO<br \/>Virtual Surround 7.1<br \/>MICROFONE<br \/>Integrado<br \/>SENSIBILIDADE<br \/>108 \u00b1 3 dB<br \/>IMPED\u00c2NCIA<br \/>32 Ohms \u00b1 15%<br \/>RESPOSTA DE FREQU\u00caNCIA<br \/>20Hz &#8211; 20kHz<br \/>CARACTER\u00cdSTICAS<br \/>Conta com controle de volume e bot\u00e3o para ativar e desativar o microfone integrados na estrutura e no cabo &#8211; Possui protetores com almofadas e arco ajust\u00e1vel e acolchoado<br \/>LED<br \/>Integrados na parte externa dos protetores<br \/>COMPRIMENTO DO CABO<br \/>2.2 metros<br \/>PESO BRUTO (g)<br \/>594<br \/>DIMENS\u00d5ES DA EMBALAGEM (cm)<br \/>20.1 x 11.2 x 27.7<br \/>INCLUI<br \/>Manual<\/p>\n","protected":false},"excerpt":{"rendered":"<p>Especifica\u00e7\u00f5esMARCAHPMODELOH200GSCORPretoALTO-FALANTE50 mmCONECTORUSB 2.0COMPATIBILIDADEPC, PlayStation 4, Xbox One, Smartphone, entre outros aparelhos\/dispositivos com entrada USB 2.0\u00c1UDIOVirtual Surround 7.1MICROFONEIntegradoSENSIBILIDADE108 \u00b1 3 dBIMPED\u00c2NCIA32 Ohms \u00b1 15%RESPOSTA DE FREQU\u00caNCIA20Hz &#8211; 20kHzCARACTER\u00cdSTICASConta com controle de volume e bot\u00e3o para ativar e desativar o microfone integrados na estrutura e no cabo &#8211; Possui protetores com almofadas e arco ajust\u00e1vel e acolchoadoLEDIntegrados [&hellip;]<\/p>\n","protected":false},"featured_media":7510,"comment_status":"open","ping_status":"closed","template":"","meta":{"om_disable_all_campaigns":false,"_uf_show_specific_survey":0,"_uf_disable_surveys":false},"pwb-brand":[],"product_cat":[184,33,44,79,41],"product_tag":[],"class_list":{"0":"post-2628","1":"product","2":"type-product","3":"status-publish","4":"has-post-thumbnail","6":"product_cat-headsets","7":"product_cat-acessorios-e-perifericos","8":"product_cat-informatica","9":"product_cat-perifericos","10":"product_cat-games","12":"first","13":"instock","14":"sale","15":"taxable","16":"shipping-taxable","17":"purchasable","18":"product-type-simple"},"aioseo_notices":[],"jetpack_sharing_enabled":true,"brands":[],"_links":{"self":[{"href":"https:\/\/mixshoppjc.com\/index.php?rest_route=\/wp\/v2\/product\/2628","targetHints":{"allow":["GET"]}}],"collection":[{"href":"https:\/\/mixshoppjc.com\/index.php?rest_route=\/wp\/v2\/product"}],"about":[{"href":"https:\/\/mixshoppjc.com\/index.php?rest_route=\/wp\/v2\/types\/product"}],"replies":[{"embeddable":true,"href":"https:\/\/mixshoppjc.com\/index.php?rest_route=%2Fwp%2Fv2%2Fcomments&post=2628"}],"wp:featuredmedia":[{"embeddable":true,"href":"https:\/\/mixshoppjc.com\/index.php?rest_route=\/wp\/v2\/media\/7510"}],"wp:attachment":[{"href":"https:\/\/mixshoppjc.com\/index.php?rest_route=%2Fwp%2Fv2%2Fmedia&parent=2628"}],"wp:term":[{"taxonomy":"pwb-brand","embeddable":true,"href":"https:\/\/mixshoppjc.com\/index.php?rest_route=%2Fwp%2Fv2%2Fpwb-brand&post=2628"},{"taxonomy":"product_cat","embeddable":true,"href":"https:\/\/mixshoppjc.com\/index.php?rest_route=%2Fwp%2Fv2%2Fproduct_cat&post=2628"},{"taxonomy":"product_tag","embeddable":true,"href":"https:\/\/mixshoppjc.com\/index.php?rest_route=%2Fwp%2Fv2%2Fproduct_tag&post=2628"}],"curies":[{"name":"wp","href":"https:\/\/api.w.org\/{rel}","templated":true}]}}