{"id":2626,"date":"2024-02-16T15:44:39","date_gmt":"2024-02-16T18:44:39","guid":{"rendered":"https:\/\/mixshoppjc.com\/index.php\/product\/produto-43\/"},"modified":"2024-03-09T09:51:41","modified_gmt":"2024-03-09T12:51:41","slug":"produto-43","status":"publish","type":"product","link":"https:\/\/mixshoppjc.com\/?product=produto-43","title":{"rendered":"CABO USB ECOPOWER 6035 &#8211; TIPO C &#8211; TIPO C &#8211;..."},"content":{"rendered":"<p><strong>&#8211; Marca: Ecopower<\/strong><br \/><strong>&#8211; Modelo: Ep &#8211; 6035<\/strong><br \/><strong>&#8211; Cabo: Tipo C \u2013 Tipo C<\/strong><br \/><strong>&#8211; Pot\u00eancia: 60W<\/strong><br \/><strong>&#8211; Transfer\u00eancia de dados y energia<\/strong><br \/><strong>&#8211; 1.MT<\/strong><br \/><strong>&#8211; Compacto e port\u00e1til de alta velocidade<\/strong><\/p>\n","protected":false},"excerpt":{"rendered":"<p>&#8211; Marca: Ecopower&#8211; Modelo: Ep &#8211; 6035&#8211; Cabo: Tipo C \u2013 Tipo C&#8211; Pot\u00eancia: 60W&#8211; Transfer\u00eancia de dados y energia&#8211; 1.MT&#8211; Compacto e port\u00e1til de alta velocidade<\/p>\n","protected":false},"featured_media":7722,"comment_status":"open","ping_status":"closed","template":"","meta":{"om_disable_all_campaigns":false,"_uf_show_specific_survey":0,"_uf_disable_surveys":false},"pwb-brand":[],"product_cat":[33,57],"product_tag":[],"class_list":{"0":"post-2626","1":"product","2":"type-product","3":"status-publish","4":"has-post-thumbnail","6":"product_cat-acessorios-e-perifericos","7":"product_cat-cabos","9":"first","10":"instock","11":"sale","12":"taxable","13":"shipping-taxable","14":"purchasable","15":"product-type-simple"},"aioseo_notices":[],"jetpack_sharing_enabled":true,"brands":[],"_links":{"self":[{"href":"https:\/\/mixshoppjc.com\/index.php?rest_route=\/wp\/v2\/product\/2626","targetHints":{"allow":["GET"]}}],"collection":[{"href":"https:\/\/mixshoppjc.com\/index.php?rest_route=\/wp\/v2\/product"}],"about":[{"href":"https:\/\/mixshoppjc.com\/index.php?rest_route=\/wp\/v2\/types\/product"}],"replies":[{"embeddable":true,"href":"https:\/\/mixshoppjc.com\/index.php?rest_route=%2Fwp%2Fv2%2Fcomments&post=2626"}],"wp:featuredmedia":[{"embeddable":true,"href":"https:\/\/mixshoppjc.com\/index.php?rest_route=\/wp\/v2\/media\/7722"}],"wp:attachment":[{"href":"https:\/\/mixshoppjc.com\/index.php?rest_route=%2Fwp%2Fv2%2Fmedia&parent=2626"}],"wp:term":[{"taxonomy":"pwb-brand","embeddable":true,"href":"https:\/\/mixshoppjc.com\/index.php?rest_route=%2Fwp%2Fv2%2Fpwb-brand&post=2626"},{"taxonomy":"product_cat","embeddable":true,"href":"https:\/\/mixshoppjc.com\/index.php?rest_route=%2Fwp%2Fv2%2Fproduct_cat&post=2626"},{"taxonomy":"product_tag","embeddable":true,"href":"https:\/\/mixshoppjc.com\/index.php?rest_route=%2Fwp%2Fv2%2Fproduct_tag&post=2626"}],"curies":[{"name":"wp","href":"https:\/\/api.w.org\/{rel}","templated":true}]}}