{"id":2615,"date":"2024-02-16T15:44:34","date_gmt":"2024-02-16T18:44:34","guid":{"rendered":"https:\/\/mixshoppjc.com\/index.php\/product\/produto-32\/"},"modified":"2024-02-28T11:34:14","modified_gmt":"2024-02-28T14:34:14","slug":"produto-32","status":"publish","type":"product","link":"https:\/\/mixshoppjc.com\/?product=produto-32","title":{"rendered":"C\u00e2mera Hikvision 20 metr\u00f4 ColorVu  Cam Bullet DS-2CE10DF0T..."},"content":{"rendered":"<p>C\u00e2mera de vigil\u00e2ncia com imagens coloridas 24 horas por dia, 7 dias por semana com abertura F1.0. \u00c9 especialmente projetado para exteriores e possui tecnologia 3D DNR que oferece imagens claras e n\u00edtidas. Possui lentes focais fixas de 2,8 mm, 3,6 mm e 6 mm e uma porta para quatro sinais selecion\u00e1veis \u200b\u200b(TVI \/ AHD \/ CVI \/ CVBS). Dist\u00e2ncia da luz branca de at\u00e9 20 m para imagens noturnas brilhantes. Al\u00e9m disso, \u00e9 resistente \u00e0 \u00e1gua e poeira (IP67).<\/p>\n","protected":false},"excerpt":{"rendered":"<p>C\u00e2mera de vigil\u00e2ncia com imagens coloridas 24 horas por dia, 7 dias por semana com abertura F1.0. \u00c9 especialmente projetado para exteriores e possui tecnologia 3D DNR que oferece imagens claras e n\u00edtidas. Possui lentes focais fixas de 2,8 mm, 3,6 mm e 6 mm e uma porta para quatro sinais selecion\u00e1veis \u200b\u200b(TVI \/ AHD [&hellip;]<\/p>\n","protected":false},"featured_media":7125,"comment_status":"open","ping_status":"closed","template":"","meta":{"om_disable_all_campaigns":false,"_uf_show_specific_survey":0,"_uf_disable_surveys":false},"pwb-brand":[157],"product_cat":[40,48],"product_tag":[159],"class_list":{"0":"post-2615","1":"product","2":"type-product","3":"status-publish","4":"has-post-thumbnail","6":"pwb-brand-hikvision","7":"product_cat-eletronicos","8":"product_cat-seguranca-tv-e-video","9":"product_tag-camera","11":"first","12":"instock","13":"taxable","14":"shipping-taxable","15":"purchasable","16":"product-type-simple"},"aioseo_notices":[],"jetpack_sharing_enabled":true,"brands":[{"id":157,"name":"Hikvision","slug":"hikvision"}],"_links":{"self":[{"href":"https:\/\/mixshoppjc.com\/index.php?rest_route=\/wp\/v2\/product\/2615","targetHints":{"allow":["GET"]}}],"collection":[{"href":"https:\/\/mixshoppjc.com\/index.php?rest_route=\/wp\/v2\/product"}],"about":[{"href":"https:\/\/mixshoppjc.com\/index.php?rest_route=\/wp\/v2\/types\/product"}],"replies":[{"embeddable":true,"href":"https:\/\/mixshoppjc.com\/index.php?rest_route=%2Fwp%2Fv2%2Fcomments&post=2615"}],"wp:featuredmedia":[{"embeddable":true,"href":"https:\/\/mixshoppjc.com\/index.php?rest_route=\/wp\/v2\/media\/7125"}],"wp:attachment":[{"href":"https:\/\/mixshoppjc.com\/index.php?rest_route=%2Fwp%2Fv2%2Fmedia&parent=2615"}],"wp:term":[{"taxonomy":"pwb-brand","embeddable":true,"href":"https:\/\/mixshoppjc.com\/index.php?rest_route=%2Fwp%2Fv2%2Fpwb-brand&post=2615"},{"taxonomy":"product_cat","embeddable":true,"href":"https:\/\/mixshoppjc.com\/index.php?rest_route=%2Fwp%2Fv2%2Fproduct_cat&post=2615"},{"taxonomy":"product_tag","embeddable":true,"href":"https:\/\/mixshoppjc.com\/index.php?rest_route=%2Fwp%2Fv2%2Fproduct_tag&post=2615"}],"curies":[{"name":"wp","href":"https:\/\/api.w.org\/{rel}","templated":true}]}}