{"id":2614,"date":"2024-02-16T15:44:33","date_gmt":"2024-02-16T18:44:33","guid":{"rendered":"https:\/\/mixshoppjc.com\/index.php\/product\/produto-31\/"},"modified":"2024-02-28T11:57:29","modified_gmt":"2024-02-28T14:57:29","slug":"produto-31","status":"publish","type":"product","link":"https:\/\/mixshoppjc.com\/?product=produto-31","title":{"rendered":"C\u00e2mera 3K ColorVu 5MP Hikvision DS-2CE10KF0T-PFS  2.8mm Ext..."},"content":{"rendered":"<p>A c\u00e2mera de vigil\u00e2ncia Bullet Hikvision DS-2CE10KF0T-PFS \u00e9 uma pequena c\u00e2mera de lente de 2,8 mm e ocupa pouco espa\u00e7o tanto para casa ou escrit\u00f3rio, possui um sensor de imagem CMOS de 5MP com imagens de alta qualidade com resolu\u00e7\u00e3o 3K 2960x1665p e a lente de 2,8 mm tamb\u00e9m com dist\u00e2ncia da luz branca de at\u00e9 20 metros para imagens noturnas brilhantes. Al\u00e9m disso, esta c\u00e2mera de seguran\u00e7a \u00e9 protegida contra poeira e \u00e1gua com classifica\u00e7\u00e3o IP67.<\/p>\n","protected":false},"excerpt":{"rendered":"<p>A c\u00e2mera de vigil\u00e2ncia Bullet Hikvision DS-2CE10KF0T-PFS \u00e9 uma pequena c\u00e2mera de lente de 2,8 mm e ocupa pouco espa\u00e7o tanto para casa ou escrit\u00f3rio, possui um sensor de imagem CMOS de 5MP com imagens de alta qualidade com resolu\u00e7\u00e3o 3K 2960x1665p e a lente de 2,8 mm tamb\u00e9m com dist\u00e2ncia da luz branca de [&hellip;]<\/p>\n","protected":false},"featured_media":7130,"comment_status":"open","ping_status":"closed","template":"","meta":{"om_disable_all_campaigns":false,"_uf_show_specific_survey":0,"_uf_disable_surveys":false},"pwb-brand":[157],"product_cat":[40,48],"product_tag":[159],"class_list":{"0":"post-2614","1":"product","2":"type-product","3":"status-publish","4":"has-post-thumbnail","6":"pwb-brand-hikvision","7":"product_cat-eletronicos","8":"product_cat-seguranca-tv-e-video","9":"product_tag-camera","11":"first","12":"instock","13":"taxable","14":"shipping-taxable","15":"purchasable","16":"product-type-simple"},"aioseo_notices":[],"jetpack_sharing_enabled":true,"brands":[{"id":157,"name":"Hikvision","slug":"hikvision"}],"_links":{"self":[{"href":"https:\/\/mixshoppjc.com\/index.php?rest_route=\/wp\/v2\/product\/2614","targetHints":{"allow":["GET"]}}],"collection":[{"href":"https:\/\/mixshoppjc.com\/index.php?rest_route=\/wp\/v2\/product"}],"about":[{"href":"https:\/\/mixshoppjc.com\/index.php?rest_route=\/wp\/v2\/types\/product"}],"replies":[{"embeddable":true,"href":"https:\/\/mixshoppjc.com\/index.php?rest_route=%2Fwp%2Fv2%2Fcomments&post=2614"}],"wp:featuredmedia":[{"embeddable":true,"href":"https:\/\/mixshoppjc.com\/index.php?rest_route=\/wp\/v2\/media\/7130"}],"wp:attachment":[{"href":"https:\/\/mixshoppjc.com\/index.php?rest_route=%2Fwp%2Fv2%2Fmedia&parent=2614"}],"wp:term":[{"taxonomy":"pwb-brand","embeddable":true,"href":"https:\/\/mixshoppjc.com\/index.php?rest_route=%2Fwp%2Fv2%2Fpwb-brand&post=2614"},{"taxonomy":"product_cat","embeddable":true,"href":"https:\/\/mixshoppjc.com\/index.php?rest_route=%2Fwp%2Fv2%2Fproduct_cat&post=2614"},{"taxonomy":"product_tag","embeddable":true,"href":"https:\/\/mixshoppjc.com\/index.php?rest_route=%2Fwp%2Fv2%2Fproduct_tag&post=2614"}],"curies":[{"name":"wp","href":"https:\/\/api.w.org\/{rel}","templated":true}]}}