{"id":2610,"date":"2024-02-16T15:44:30","date_gmt":"2024-02-16T18:44:30","guid":{"rendered":"https:\/\/mixshoppjc.com\/index.php\/product\/produto-27\/"},"modified":"2024-02-28T13:00:37","modified_gmt":"2024-02-28T16:00:37","slug":"produto-27","status":"publish","type":"product","link":"https:\/\/mixshoppjc.com\/?product=produto-27","title":{"rendered":"Fone De Ouvido Xiaomi Redmi Buds 4 Lite M2236E1 Bluetooth"},"content":{"rendered":"<p>O fone de ouvido Xiaomi Redmi Buds 4 Lite \u00e9 um dispositivo de alta qualidade com uma incr\u00edvel qualidade de som. A novidade do diafragma din\u00e2mico de 12 mm permite um desempenho excepcional com graves mais ricos e tons altos mais claros. Al\u00e9m disso, \u00e9 compat\u00edvel com o Google Fast Pair, permitindo um pareamento r\u00e1pido e sem esfor\u00e7o com dispositivos Android apenas abrindo a tampa. A tecnologia Bluetooth 5.3 oferece uma experi\u00eancia de \u00e1udio mais r\u00e1pida e est\u00e1vel com menor consumo de energia e audi\u00e7\u00e3o prolongada. Tamb\u00e9m possui um modo de baixa lat\u00eancia para uma experi\u00eancia de jogo de alto n\u00edvel. Os fones de ouvido s\u00e3o leves, confort\u00e1veis e port\u00e1teis, com resist\u00eancia IP54 \u00e0 poeira e \u00e0 \u00e1gua. A dura\u00e7\u00e3o da bateria \u00e9 de at\u00e9 20 horas com o estojo de carregamento, permitindo desfrutar de uma experi\u00eancia de audi\u00e7\u00e3o envolvente por mais tempo. Al\u00e9m disso, o cancelamento de ru\u00eddo com IA para chamadas garante clareza cristalina em cada chamada. Aproveite sua m\u00fasica e suas chamadas com qualidade de som incompar\u00e1vel!<\/p>\n","protected":false},"excerpt":{"rendered":"<p>O fone de ouvido Xiaomi Redmi Buds 4 Lite \u00e9 um dispositivo de alta qualidade com uma incr\u00edvel qualidade de som. A novidade do diafragma din\u00e2mico de 12 mm permite um desempenho excepcional com graves mais ricos e tons altos mais claros. Al\u00e9m disso, \u00e9 compat\u00edvel com o Google Fast Pair, permitindo um pareamento r\u00e1pido [&hellip;]<\/p>\n","protected":false},"featured_media":7144,"comment_status":"open","ping_status":"closed","template":"","meta":{"om_disable_all_campaigns":false,"_uf_show_specific_survey":0,"_uf_disable_surveys":false},"pwb-brand":[93],"product_cat":[33,65,66],"product_tag":[138,55],"class_list":{"0":"post-2610","1":"product","2":"type-product","3":"status-publish","4":"has-post-thumbnail","6":"pwb-brand-xiaomi","7":"product_cat-acessorios-e-perifericos","8":"product_cat-fone-","9":"product_cat-fone-sem-fio","10":"product_tag-fone","11":"product_tag-xiaomi","13":"first","14":"instock","15":"taxable","16":"shipping-taxable","17":"purchasable","18":"product-type-simple"},"aioseo_notices":[],"jetpack_sharing_enabled":true,"brands":[{"id":93,"name":"Xiaomi","slug":"xiaomi"}],"_links":{"self":[{"href":"https:\/\/mixshoppjc.com\/index.php?rest_route=\/wp\/v2\/product\/2610","targetHints":{"allow":["GET"]}}],"collection":[{"href":"https:\/\/mixshoppjc.com\/index.php?rest_route=\/wp\/v2\/product"}],"about":[{"href":"https:\/\/mixshoppjc.com\/index.php?rest_route=\/wp\/v2\/types\/product"}],"replies":[{"embeddable":true,"href":"https:\/\/mixshoppjc.com\/index.php?rest_route=%2Fwp%2Fv2%2Fcomments&post=2610"}],"wp:featuredmedia":[{"embeddable":true,"href":"https:\/\/mixshoppjc.com\/index.php?rest_route=\/wp\/v2\/media\/7144"}],"wp:attachment":[{"href":"https:\/\/mixshoppjc.com\/index.php?rest_route=%2Fwp%2Fv2%2Fmedia&parent=2610"}],"wp:term":[{"taxonomy":"pwb-brand","embeddable":true,"href":"https:\/\/mixshoppjc.com\/index.php?rest_route=%2Fwp%2Fv2%2Fpwb-brand&post=2610"},{"taxonomy":"product_cat","embeddable":true,"href":"https:\/\/mixshoppjc.com\/index.php?rest_route=%2Fwp%2Fv2%2Fproduct_cat&post=2610"},{"taxonomy":"product_tag","embeddable":true,"href":"https:\/\/mixshoppjc.com\/index.php?rest_route=%2Fwp%2Fv2%2Fproduct_tag&post=2610"}],"curies":[{"name":"wp","href":"https:\/\/api.w.org\/{rel}","templated":true}]}}