{"id":2609,"date":"2024-02-16T15:44:30","date_gmt":"2024-02-16T18:44:30","guid":{"rendered":"https:\/\/mixshoppjc.com\/index.php\/product\/produto-26\/"},"modified":"2024-02-28T12:56:29","modified_gmt":"2024-02-28T15:56:29","slug":"produto-26","status":"publish","type":"product","link":"https:\/\/mixshoppjc.com\/?product=produto-26","title":{"rendered":"Fone De Ouvido Xiaomi Buds Essential M2222E1 Bluetooth"},"content":{"rendered":"<p>Os fones de ouvido Xiaomi Buds Essential t\u00eam um design confort\u00e1vel e compacto, ideal para atividades ao ar livre. Possui microfone para atender chamadas sem a necessidade de usar o smartphone. Tamb\u00e9m possui conectividade 5.2, resist\u00eancia \u00e0 \u00e1gua IPX4 e autonomia de 18 horas com o estojo de carregamento.<\/p>\n","protected":false},"excerpt":{"rendered":"<p>Os fones de ouvido Xiaomi Buds Essential t\u00eam um design confort\u00e1vel e compacto, ideal para atividades ao ar livre. Possui microfone para atender chamadas sem a necessidade de usar o smartphone. Tamb\u00e9m possui conectividade 5.2, resist\u00eancia \u00e0 \u00e1gua IPX4 e autonomia de 18 horas com o estojo de carregamento.<\/p>\n","protected":false},"featured_media":7142,"comment_status":"open","ping_status":"closed","template":"","meta":{"om_disable_all_campaigns":false,"_uf_show_specific_survey":0,"_uf_disable_surveys":false},"pwb-brand":[93],"product_cat":[33,65,66],"product_tag":[138,55],"class_list":{"0":"post-2609","1":"product","2":"type-product","3":"status-publish","4":"has-post-thumbnail","6":"pwb-brand-xiaomi","7":"product_cat-acessorios-e-perifericos","8":"product_cat-fone-","9":"product_cat-fone-sem-fio","10":"product_tag-fone","11":"product_tag-xiaomi","13":"first","14":"instock","15":"taxable","16":"shipping-taxable","17":"purchasable","18":"product-type-simple"},"aioseo_notices":[],"jetpack_sharing_enabled":true,"brands":[{"id":93,"name":"Xiaomi","slug":"xiaomi"}],"_links":{"self":[{"href":"https:\/\/mixshoppjc.com\/index.php?rest_route=\/wp\/v2\/product\/2609","targetHints":{"allow":["GET"]}}],"collection":[{"href":"https:\/\/mixshoppjc.com\/index.php?rest_route=\/wp\/v2\/product"}],"about":[{"href":"https:\/\/mixshoppjc.com\/index.php?rest_route=\/wp\/v2\/types\/product"}],"replies":[{"embeddable":true,"href":"https:\/\/mixshoppjc.com\/index.php?rest_route=%2Fwp%2Fv2%2Fcomments&post=2609"}],"wp:featuredmedia":[{"embeddable":true,"href":"https:\/\/mixshoppjc.com\/index.php?rest_route=\/wp\/v2\/media\/7142"}],"wp:attachment":[{"href":"https:\/\/mixshoppjc.com\/index.php?rest_route=%2Fwp%2Fv2%2Fmedia&parent=2609"}],"wp:term":[{"taxonomy":"pwb-brand","embeddable":true,"href":"https:\/\/mixshoppjc.com\/index.php?rest_route=%2Fwp%2Fv2%2Fpwb-brand&post=2609"},{"taxonomy":"product_cat","embeddable":true,"href":"https:\/\/mixshoppjc.com\/index.php?rest_route=%2Fwp%2Fv2%2Fproduct_cat&post=2609"},{"taxonomy":"product_tag","embeddable":true,"href":"https:\/\/mixshoppjc.com\/index.php?rest_route=%2Fwp%2Fv2%2Fproduct_tag&post=2609"}],"curies":[{"name":"wp","href":"https:\/\/api.w.org\/{rel}","templated":true}]}}