{"id":2606,"date":"2024-02-16T15:44:28","date_gmt":"2024-02-16T18:44:28","guid":{"rendered":"https:\/\/mixshoppjc.com\/index.php\/product\/produto-23\/"},"modified":"2024-02-28T13:47:18","modified_gmt":"2024-02-28T16:47:18","slug":"produto-23","status":"publish","type":"product","link":"https:\/\/mixshoppjc.com\/?product=produto-23","title":{"rendered":"Suporte Quanta QTSCM10 &#8211; Para Celular &#8211; Prata"},"content":{"rendered":"<p>Especifica\u00e7\u00f5es<\/p>\n<p>Marca<br \/>Quanta<br \/>Modelo<br \/>QTSCM10<br \/>Cor<br \/>Prata<br \/>Caracter\u00edsticas<br \/>Feito em Alum\u00ednio &#8211; Ajuste de 270\u00b0<br \/>Compatibilidade<br \/>Celulares e Tablets de 3.5&#8221; a 10&#8221;<br \/>Dimens\u00f5es da Embalagem<br \/>10.50 cm X 7.70 cm X 7.10 cm<br \/>Peso Bruto<br \/>0.132 kg<\/p>\n","protected":false},"excerpt":{"rendered":"<p>Especifica\u00e7\u00f5es MarcaQuantaModeloQTSCM10CorPrataCaracter\u00edsticasFeito em Alum\u00ednio &#8211; Ajuste de 270\u00b0CompatibilidadeCelulares e Tablets de 3.5&#8221; a 10&#8221;Dimens\u00f5es da Embalagem10.50 cm X 7.70 cm X 7.10 cmPeso Bruto0.132 kg<\/p>\n","protected":false},"featured_media":7153,"comment_status":"open","ping_status":"closed","template":"","meta":{"om_disable_all_campaigns":false,"_uf_show_specific_survey":0,"_uf_disable_surveys":false},"pwb-brand":[154],"product_cat":[33,98],"product_tag":[101],"class_list":{"0":"post-2606","1":"product","2":"type-product","3":"status-publish","4":"has-post-thumbnail","6":"pwb-brand-quanta","7":"product_cat-acessorios-e-perifericos","8":"product_cat-suportes","9":"product_tag-suporte","11":"first","12":"instock","13":"taxable","14":"shipping-taxable","15":"purchasable","16":"product-type-simple"},"aioseo_notices":[],"jetpack_sharing_enabled":true,"brands":[{"id":154,"name":"quanta","slug":"quanta"}],"_links":{"self":[{"href":"https:\/\/mixshoppjc.com\/index.php?rest_route=\/wp\/v2\/product\/2606","targetHints":{"allow":["GET"]}}],"collection":[{"href":"https:\/\/mixshoppjc.com\/index.php?rest_route=\/wp\/v2\/product"}],"about":[{"href":"https:\/\/mixshoppjc.com\/index.php?rest_route=\/wp\/v2\/types\/product"}],"replies":[{"embeddable":true,"href":"https:\/\/mixshoppjc.com\/index.php?rest_route=%2Fwp%2Fv2%2Fcomments&post=2606"}],"wp:featuredmedia":[{"embeddable":true,"href":"https:\/\/mixshoppjc.com\/index.php?rest_route=\/wp\/v2\/media\/7153"}],"wp:attachment":[{"href":"https:\/\/mixshoppjc.com\/index.php?rest_route=%2Fwp%2Fv2%2Fmedia&parent=2606"}],"wp:term":[{"taxonomy":"pwb-brand","embeddable":true,"href":"https:\/\/mixshoppjc.com\/index.php?rest_route=%2Fwp%2Fv2%2Fpwb-brand&post=2606"},{"taxonomy":"product_cat","embeddable":true,"href":"https:\/\/mixshoppjc.com\/index.php?rest_route=%2Fwp%2Fv2%2Fproduct_cat&post=2606"},{"taxonomy":"product_tag","embeddable":true,"href":"https:\/\/mixshoppjc.com\/index.php?rest_route=%2Fwp%2Fv2%2Fproduct_tag&post=2606"}],"curies":[{"name":"wp","href":"https:\/\/api.w.org\/{rel}","templated":true}]}}