{"id":2590,"date":"2024-02-16T15:44:20","date_gmt":"2024-02-16T18:44:20","guid":{"rendered":"https:\/\/mixshoppjc.com\/index.php\/product\/produto-7\/"},"modified":"2024-02-28T11:14:40","modified_gmt":"2024-02-28T14:14:40","slug":"produto-7","status":"publish","type":"product","link":"https:\/\/mixshoppjc.com\/?product=produto-7","title":{"rendered":"Campainha Eletr\u00f4nica Satellite A-DB02 Sem Fio &#8211; Preto"},"content":{"rendered":"<p>Marca<br \/>Satellite<br \/>Assist\u00eancia T\u00e9cnica<br \/>3 Meses de Assist\u00eancia T\u00e9cnica<br \/>Cor<br \/>Preto<\/p>\n","protected":false},"excerpt":{"rendered":"<p>MarcaSatelliteAssist\u00eancia T\u00e9cnica3 Meses de Assist\u00eancia T\u00e9cnicaCorPreto<\/p>\n","protected":false},"featured_media":7115,"comment_status":"open","ping_status":"closed","template":"","meta":{"om_disable_all_campaigns":false,"_uf_show_specific_survey":0,"_uf_disable_surveys":false},"pwb-brand":[96],"product_cat":[40,48],"product_tag":[],"class_list":{"0":"post-2590","1":"product","2":"type-product","3":"status-publish","4":"has-post-thumbnail","6":"pwb-brand-satellite","7":"product_cat-eletronicos","8":"product_cat-seguranca-tv-e-video","10":"first","11":"instock","12":"taxable","13":"shipping-taxable","14":"purchasable","15":"product-type-simple"},"aioseo_notices":[],"jetpack_sharing_enabled":true,"brands":[{"id":96,"name":"Satellite","slug":"satellite"}],"_links":{"self":[{"href":"https:\/\/mixshoppjc.com\/index.php?rest_route=\/wp\/v2\/product\/2590","targetHints":{"allow":["GET"]}}],"collection":[{"href":"https:\/\/mixshoppjc.com\/index.php?rest_route=\/wp\/v2\/product"}],"about":[{"href":"https:\/\/mixshoppjc.com\/index.php?rest_route=\/wp\/v2\/types\/product"}],"replies":[{"embeddable":true,"href":"https:\/\/mixshoppjc.com\/index.php?rest_route=%2Fwp%2Fv2%2Fcomments&post=2590"}],"wp:featuredmedia":[{"embeddable":true,"href":"https:\/\/mixshoppjc.com\/index.php?rest_route=\/wp\/v2\/media\/7115"}],"wp:attachment":[{"href":"https:\/\/mixshoppjc.com\/index.php?rest_route=%2Fwp%2Fv2%2Fmedia&parent=2590"}],"wp:term":[{"taxonomy":"pwb-brand","embeddable":true,"href":"https:\/\/mixshoppjc.com\/index.php?rest_route=%2Fwp%2Fv2%2Fpwb-brand&post=2590"},{"taxonomy":"product_cat","embeddable":true,"href":"https:\/\/mixshoppjc.com\/index.php?rest_route=%2Fwp%2Fv2%2Fproduct_cat&post=2590"},{"taxonomy":"product_tag","embeddable":true,"href":"https:\/\/mixshoppjc.com\/index.php?rest_route=%2Fwp%2Fv2%2Fproduct_tag&post=2590"}],"curies":[{"name":"wp","href":"https:\/\/api.w.org\/{rel}","templated":true}]}}