{"id":2589,"date":"2024-02-16T15:44:20","date_gmt":"2024-02-16T18:44:20","guid":{"rendered":"https:\/\/mixshoppjc.com\/index.php\/product\/produto-6\/"},"modified":"2024-03-12T17:40:24","modified_gmt":"2024-03-12T20:40:24","slug":"produto-6","status":"publish","type":"product","link":"https:\/\/mixshoppjc.com\/?product=produto-6","title":{"rendered":"Xiaomi Electric Precision Screwdriver MJDDLSD003QW 24 Em 1 &..."},"content":{"rendered":"<p>A chave de fenda Xiaomi Electric Precision Screwdriver MJDDLSD003QW 24 em 1 possui um aperto confort\u00e1vel que se encaixa perfeitamente na sua m\u00e3o e evita escorregar. Inclui 24 bits feitos de liga de a\u00e7o de alta qualidade e resistente \u00e0 corros\u00e3o. Ele tamb\u00e9m tem uma caixa de armazenamento de alum\u00ednio altamente dur\u00e1vel.<\/p>\n","protected":false},"excerpt":{"rendered":"<p>A chave de fenda Xiaomi Electric Precision Screwdriver MJDDLSD003QW 24 em 1 possui um aperto confort\u00e1vel que se encaixa perfeitamente na sua m\u00e3o e evita escorregar. Inclui 24 bits feitos de liga de a\u00e7o de alta qualidade e resistente \u00e0 corros\u00e3o. Ele tamb\u00e9m tem uma caixa de armazenamento de alum\u00ednio altamente dur\u00e1vel.<\/p>\n","protected":false},"featured_media":7117,"comment_status":"open","ping_status":"closed","template":"","meta":{"om_disable_all_campaigns":false,"_uf_show_specific_survey":0,"_uf_disable_surveys":false},"pwb-brand":[93],"product_cat":[33],"product_tag":[223,55],"class_list":{"0":"post-2589","1":"product","2":"type-product","3":"status-publish","4":"has-post-thumbnail","6":"pwb-brand-xiaomi","7":"product_cat-acessorios-e-perifericos","8":"product_tag-ferramentas","9":"product_tag-xiaomi","11":"first","12":"instock","13":"taxable","14":"shipping-taxable","15":"purchasable","16":"product-type-simple"},"aioseo_notices":[],"jetpack_sharing_enabled":true,"brands":[{"id":93,"name":"Xiaomi","slug":"xiaomi"}],"_links":{"self":[{"href":"https:\/\/mixshoppjc.com\/index.php?rest_route=\/wp\/v2\/product\/2589","targetHints":{"allow":["GET"]}}],"collection":[{"href":"https:\/\/mixshoppjc.com\/index.php?rest_route=\/wp\/v2\/product"}],"about":[{"href":"https:\/\/mixshoppjc.com\/index.php?rest_route=\/wp\/v2\/types\/product"}],"replies":[{"embeddable":true,"href":"https:\/\/mixshoppjc.com\/index.php?rest_route=%2Fwp%2Fv2%2Fcomments&post=2589"}],"wp:featuredmedia":[{"embeddable":true,"href":"https:\/\/mixshoppjc.com\/index.php?rest_route=\/wp\/v2\/media\/7117"}],"wp:attachment":[{"href":"https:\/\/mixshoppjc.com\/index.php?rest_route=%2Fwp%2Fv2%2Fmedia&parent=2589"}],"wp:term":[{"taxonomy":"pwb-brand","embeddable":true,"href":"https:\/\/mixshoppjc.com\/index.php?rest_route=%2Fwp%2Fv2%2Fpwb-brand&post=2589"},{"taxonomy":"product_cat","embeddable":true,"href":"https:\/\/mixshoppjc.com\/index.php?rest_route=%2Fwp%2Fv2%2Fproduct_cat&post=2589"},{"taxonomy":"product_tag","embeddable":true,"href":"https:\/\/mixshoppjc.com\/index.php?rest_route=%2Fwp%2Fv2%2Fproduct_tag&post=2589"}],"curies":[{"name":"wp","href":"https:\/\/api.w.org\/{rel}","templated":true}]}}