{"id":2588,"date":"2024-02-16T15:44:19","date_gmt":"2024-02-16T18:44:19","guid":{"rendered":"https:\/\/mixshoppjc.com\/index.php\/product\/produto-5\/"},"modified":"2024-02-28T10:23:53","modified_gmt":"2024-02-28T13:23:53","slug":"produto-5","status":"publish","type":"product","link":"https:\/\/mixshoppjc.com\/?product=produto-5","title":{"rendered":"Mem\u00f3ria Micro SD SanDisk Ultra 100 MB\/S C10 256GB"},"content":{"rendered":"<p>Marca SanDisk Cor Branco \/ Cinza Tipo Micro SD Frecuencia N\u00e3o especificado Assist\u00eancia T\u00e9cnica3 Meses de Assist\u00eancia T\u00e9cnica<\/p>\n","protected":false},"excerpt":{"rendered":"<p>Marca SanDisk Cor Branco \/ Cinza Tipo Micro SD Frecuencia N\u00e3o especificado Assist\u00eancia T\u00e9cnica3 Meses de Assist\u00eancia T\u00e9cnica<\/p>\n","protected":false},"featured_media":7114,"comment_status":"open","ping_status":"closed","template":"","meta":{"om_disable_all_campaigns":false,"_uf_show_specific_survey":0,"_uf_disable_surveys":false},"pwb-brand":[],"product_cat":[140,141,44],"product_tag":[],"class_list":{"0":"post-2588","1":"product","2":"type-product","3":"status-publish","4":"has-post-thumbnail","6":"product_cat-armazenamento","7":"product_cat-memorias","8":"product_cat-informatica","10":"first","11":"instock","12":"taxable","13":"shipping-taxable","14":"purchasable","15":"product-type-simple"},"aioseo_notices":[],"jetpack_sharing_enabled":true,"brands":[],"_links":{"self":[{"href":"https:\/\/mixshoppjc.com\/index.php?rest_route=\/wp\/v2\/product\/2588","targetHints":{"allow":["GET"]}}],"collection":[{"href":"https:\/\/mixshoppjc.com\/index.php?rest_route=\/wp\/v2\/product"}],"about":[{"href":"https:\/\/mixshoppjc.com\/index.php?rest_route=\/wp\/v2\/types\/product"}],"replies":[{"embeddable":true,"href":"https:\/\/mixshoppjc.com\/index.php?rest_route=%2Fwp%2Fv2%2Fcomments&post=2588"}],"wp:featuredmedia":[{"embeddable":true,"href":"https:\/\/mixshoppjc.com\/index.php?rest_route=\/wp\/v2\/media\/7114"}],"wp:attachment":[{"href":"https:\/\/mixshoppjc.com\/index.php?rest_route=%2Fwp%2Fv2%2Fmedia&parent=2588"}],"wp:term":[{"taxonomy":"pwb-brand","embeddable":true,"href":"https:\/\/mixshoppjc.com\/index.php?rest_route=%2Fwp%2Fv2%2Fpwb-brand&post=2588"},{"taxonomy":"product_cat","embeddable":true,"href":"https:\/\/mixshoppjc.com\/index.php?rest_route=%2Fwp%2Fv2%2Fproduct_cat&post=2588"},{"taxonomy":"product_tag","embeddable":true,"href":"https:\/\/mixshoppjc.com\/index.php?rest_route=%2Fwp%2Fv2%2Fproduct_tag&post=2588"}],"curies":[{"name":"wp","href":"https:\/\/api.w.org\/{rel}","templated":true}]}}