{"id":2587,"date":"2024-02-16T15:44:18","date_gmt":"2024-02-16T18:44:18","guid":{"rendered":"https:\/\/mixshoppjc.com\/index.php\/product\/produto-4\/"},"modified":"2024-02-28T11:15:13","modified_gmt":"2024-02-28T14:15:13","slug":"produto-4","status":"publish","type":"product","link":"https:\/\/mixshoppjc.com\/?product=produto-4","title":{"rendered":"Mouse Sem Fio Quanta QTMSS10"},"content":{"rendered":"<p>Marca<br \/>Quanta<br \/>Assist\u00eancia T\u00e9cnica<br \/>3 Meses de Assist\u00eancia T\u00e9cnica<br \/>Retroiluminaci\u00f3n<br \/>N\u00e3o Possui<br \/>Conectividade<br \/>Wireless, USB<br \/>Sem fio<br \/>Sim<br \/>Tipo de Mouse<br \/>Mouse \u00d3ptico<br \/>Resolu\u00e7\u00e3o<br \/>1600 DPI<br \/>N\u00famero de bot\u00f5es<br \/>3<\/p>\n","protected":false},"excerpt":{"rendered":"<p>MarcaQuantaAssist\u00eancia T\u00e9cnica3 Meses de Assist\u00eancia T\u00e9cnicaRetroiluminaci\u00f3nN\u00e3o PossuiConectividadeWireless, USBSem fioSimTipo de MouseMouse \u00d3pticoResolu\u00e7\u00e3o1600 DPIN\u00famero de bot\u00f5es3<\/p>\n","protected":false},"featured_media":7067,"comment_status":"open","ping_status":"closed","template":"","meta":{"om_disable_all_campaigns":false,"_uf_show_specific_survey":0,"_uf_disable_surveys":false},"pwb-brand":[154],"product_cat":[44,79,84,86],"product_tag":[],"class_list":{"0":"post-2587","1":"product","2":"type-product","3":"status-publish","4":"has-post-thumbnail","6":"pwb-brand-quanta","7":"product_cat-informatica","8":"product_cat-perifericos","9":"product_cat-mouses","10":"product_cat-mouse-sem-fio","12":"first","13":"instock","14":"taxable","15":"shipping-taxable","16":"purchasable","17":"product-type-simple"},"aioseo_notices":[],"jetpack_sharing_enabled":true,"brands":[{"id":154,"name":"quanta","slug":"quanta"}],"_links":{"self":[{"href":"https:\/\/mixshoppjc.com\/index.php?rest_route=\/wp\/v2\/product\/2587","targetHints":{"allow":["GET"]}}],"collection":[{"href":"https:\/\/mixshoppjc.com\/index.php?rest_route=\/wp\/v2\/product"}],"about":[{"href":"https:\/\/mixshoppjc.com\/index.php?rest_route=\/wp\/v2\/types\/product"}],"replies":[{"embeddable":true,"href":"https:\/\/mixshoppjc.com\/index.php?rest_route=%2Fwp%2Fv2%2Fcomments&post=2587"}],"wp:featuredmedia":[{"embeddable":true,"href":"https:\/\/mixshoppjc.com\/index.php?rest_route=\/wp\/v2\/media\/7067"}],"wp:attachment":[{"href":"https:\/\/mixshoppjc.com\/index.php?rest_route=%2Fwp%2Fv2%2Fmedia&parent=2587"}],"wp:term":[{"taxonomy":"pwb-brand","embeddable":true,"href":"https:\/\/mixshoppjc.com\/index.php?rest_route=%2Fwp%2Fv2%2Fpwb-brand&post=2587"},{"taxonomy":"product_cat","embeddable":true,"href":"https:\/\/mixshoppjc.com\/index.php?rest_route=%2Fwp%2Fv2%2Fproduct_cat&post=2587"},{"taxonomy":"product_tag","embeddable":true,"href":"https:\/\/mixshoppjc.com\/index.php?rest_route=%2Fwp%2Fv2%2Fproduct_tag&post=2587"}],"curies":[{"name":"wp","href":"https:\/\/api.w.org\/{rel}","templated":true}]}}