{"id":2584,"date":"2024-02-16T15:44:17","date_gmt":"2024-02-16T18:44:17","guid":{"rendered":"https:\/\/mixshoppjc.com\/index.php\/product\/produto\/"},"modified":"2024-02-27T16:27:32","modified_gmt":"2024-02-27T19:27:32","slug":"produto","status":"publish","type":"product","link":"https:\/\/mixshoppjc.com\/?product=produto","title":{"rendered":"Alto Falante Quanta Coaxial QTALF35"},"content":{"rendered":"<p>Marca<br \/>Quanta<br \/>EAN-13<br \/>7841814351437<br \/>Part Number<br \/>QTALF35<br \/>Tamanho<br \/>6 x 9<br \/>Assist\u00eancia T\u00e9cnica<br \/>3 Meses de Assist\u00eancia T\u00e9cnica<\/p>\n","protected":false},"excerpt":{"rendered":"<p>MarcaQuantaEAN-137841814351437Part NumberQTALF35Tamanho6 x 9Assist\u00eancia T\u00e9cnica3 Meses de Assist\u00eancia T\u00e9cnica<\/p>\n","protected":false},"featured_media":7064,"comment_status":"open","ping_status":"closed","template":"","meta":{"om_disable_all_campaigns":false,"_uf_show_specific_survey":0,"_uf_disable_surveys":false},"pwb-brand":[],"product_cat":[34],"product_tag":[],"class_list":{"0":"post-2584","1":"product","2":"type-product","3":"status-publish","4":"has-post-thumbnail","6":"product_cat-audio-automotivo","8":"first","9":"instock","10":"taxable","11":"shipping-taxable","12":"purchasable","13":"product-type-simple"},"aioseo_notices":[],"jetpack_sharing_enabled":true,"brands":[],"_links":{"self":[{"href":"https:\/\/mixshoppjc.com\/index.php?rest_route=\/wp\/v2\/product\/2584","targetHints":{"allow":["GET"]}}],"collection":[{"href":"https:\/\/mixshoppjc.com\/index.php?rest_route=\/wp\/v2\/product"}],"about":[{"href":"https:\/\/mixshoppjc.com\/index.php?rest_route=\/wp\/v2\/types\/product"}],"replies":[{"embeddable":true,"href":"https:\/\/mixshoppjc.com\/index.php?rest_route=%2Fwp%2Fv2%2Fcomments&post=2584"}],"wp:featuredmedia":[{"embeddable":true,"href":"https:\/\/mixshoppjc.com\/index.php?rest_route=\/wp\/v2\/media\/7064"}],"wp:attachment":[{"href":"https:\/\/mixshoppjc.com\/index.php?rest_route=%2Fwp%2Fv2%2Fmedia&parent=2584"}],"wp:term":[{"taxonomy":"pwb-brand","embeddable":true,"href":"https:\/\/mixshoppjc.com\/index.php?rest_route=%2Fwp%2Fv2%2Fpwb-brand&post=2584"},{"taxonomy":"product_cat","embeddable":true,"href":"https:\/\/mixshoppjc.com\/index.php?rest_route=%2Fwp%2Fv2%2Fproduct_cat&post=2584"},{"taxonomy":"product_tag","embeddable":true,"href":"https:\/\/mixshoppjc.com\/index.php?rest_route=%2Fwp%2Fv2%2Fproduct_tag&post=2584"}],"curies":[{"name":"wp","href":"https:\/\/api.w.org\/{rel}","templated":true}]}}