{"id":2578,"date":"2024-02-16T15:38:26","date_gmt":"2024-02-16T18:38:26","guid":{"rendered":"https:\/\/mixshoppjc.com\/?post_type=product&#038;p=2578"},"modified":"2024-03-13T18:08:30","modified_gmt":"2024-03-13T21:08:30","slug":"adaptador-de-audio-quanta-qtrabt10-3-5mm-bluetooth-preto","status":"publish","type":"product","link":"https:\/\/mixshoppjc.com\/?product=adaptador-de-audio-quanta-qtrabt10-3-5mm-bluetooth-preto","title":{"rendered":"Adaptador de \u00c1udio Quanta QTRABT10 &#8211; 3.5mm &#8211; Bl..."},"content":{"rendered":"<h3 class=\"visby-bold f40-home texto-madrid bold mb-2\">Especifica\u00e7\u00f5es<\/h3>\n<div class=\"w-100 rounded20 bordinha-cinza mt-3 mb-5\">\n<div id=\"item_product2\" class=\"col-12 item_product active\">\n<div class=\"col-12 box_detail\">\n<div class=\"col-12 item_detail item_dark \">\n<div class=\"col-6 item\">Marca<\/div>\n<div class=\"col-6 item\">Quanta<\/div>\n<\/p><\/div>\n<div class=\"col-12 item_detail \">\n<div class=\"col-6 item\">Modelo<\/div>\n<div class=\"col-6 item\">QTRABT10<\/div>\n<\/p><\/div>\n<div class=\"col-12 item_detail item_dark \">\n<div class=\"col-6 item\">Cor<\/div>\n<div class=\"col-6 item\">Preto<\/div>\n<\/p><\/div>\n<div class=\"col-12 item_detail \">\n<div class=\"col-6 item\">Conectividade<\/div>\n<div class=\"col-6 item\">Bluetooth 3.0<\/div>\n<\/p><\/div>\n<div class=\"col-12 item_detail item_dark \">\n<div class=\"col-6 item\">Sa\u00edda<\/div>\n<div class=\"col-6 item\">AUX 3.5mm<\/div>\n<\/p><\/div>\n<div class=\"col-12 item_detail \">\n<div class=\"col-6 item\">Microfone<\/div>\n<div class=\"col-6 item\">Embutido<\/div>\n<\/p><\/div>\n<div class=\"col-12 item_detail item_dark \">\n<div class=\"col-6 item\">Frequ\u00eancia<\/div>\n<div class=\"col-6 item\">2.4 GHz<\/div>\n<\/p><\/div>\n<div class=\"col-12 item_detail \">\n<div class=\"col-6 item\">Alimenta\u00e7\u00e3o USB<\/div>\n<div class=\"col-6 item\">5V<\/div>\n<\/p><\/div>\n<div class=\"col-12 item_detail item_dark \">\n<div class=\"col-6 item\">Bateria<\/div>\n<div class=\"col-6 item\">Recarreg\u00e1vel<\/div>\n<\/p><\/div>\n<div class=\"col-12 item_detail \">\n<div class=\"col-6 item\">Items Inclusos<\/div>\n<div class=\"col-6 item\"> USB\/Micro USB &#8211; Cabo Auxiliar P2<\/div>\n<\/p><\/div>\n<div class=\"col-12 item_detail item_dark \">\n<div class=\"col-6 item\">Dimens\u00f5es da Embalagem<\/div>\n<div class=\"col-6 item\">13.00 cm X 10.00 cm X 5.00 cm<\/div>\n<\/p><\/div>\n<div class=\"col-12 item_detail \">\n<div class=\"col-6 item\">Peso Bruto<\/div>\n<div class=\"col-6 item\">0.036 kg<\/div>\n<\/p><\/div>\n<\/p><\/div>\n<\/p><\/div>\n<\/p><\/div>\n","protected":false},"excerpt":{"rendered":"<p>Especifica\u00e7\u00f5es Marca Quanta Modelo QTRABT10 Cor Preto Conectividade Bluetooth 3.0 Sa\u00edda AUX 3.5mm Microfone Embutido Frequ\u00eancia 2.4 GHz Alimenta\u00e7\u00e3o USB 5V Bateria Recarreg\u00e1vel Items Inclusos USB\/Micro USB &#8211; Cabo Auxiliar P2 Dimens\u00f5es da Embalagem 13.00 cm X 10.00 cm X 5.00 cm Peso Bruto 0.036 kg<\/p>\n","protected":false},"featured_media":2582,"comment_status":"open","ping_status":"closed","template":"","meta":{"om_disable_all_campaigns":false,"_uf_show_specific_survey":0,"_uf_disable_surveys":false},"pwb-brand":[154],"product_cat":[33,50],"product_tag":[],"class_list":{"0":"post-2578","1":"product","2":"type-product","3":"status-publish","4":"has-post-thumbnail","6":"pwb-brand-quanta","7":"product_cat-acessorios-e-perifericos","8":"product_cat-adaptadores","10":"first","11":"instock","12":"taxable","13":"shipping-taxable","14":"purchasable","15":"product-type-simple"},"aioseo_notices":[],"jetpack_sharing_enabled":true,"brands":[{"id":154,"name":"quanta","slug":"quanta"}],"_links":{"self":[{"href":"https:\/\/mixshoppjc.com\/index.php?rest_route=\/wp\/v2\/product\/2578","targetHints":{"allow":["GET"]}}],"collection":[{"href":"https:\/\/mixshoppjc.com\/index.php?rest_route=\/wp\/v2\/product"}],"about":[{"href":"https:\/\/mixshoppjc.com\/index.php?rest_route=\/wp\/v2\/types\/product"}],"replies":[{"embeddable":true,"href":"https:\/\/mixshoppjc.com\/index.php?rest_route=%2Fwp%2Fv2%2Fcomments&post=2578"}],"wp:featuredmedia":[{"embeddable":true,"href":"https:\/\/mixshoppjc.com\/index.php?rest_route=\/wp\/v2\/media\/2582"}],"wp:attachment":[{"href":"https:\/\/mixshoppjc.com\/index.php?rest_route=%2Fwp%2Fv2%2Fmedia&parent=2578"}],"wp:term":[{"taxonomy":"pwb-brand","embeddable":true,"href":"https:\/\/mixshoppjc.com\/index.php?rest_route=%2Fwp%2Fv2%2Fpwb-brand&post=2578"},{"taxonomy":"product_cat","embeddable":true,"href":"https:\/\/mixshoppjc.com\/index.php?rest_route=%2Fwp%2Fv2%2Fproduct_cat&post=2578"},{"taxonomy":"product_tag","embeddable":true,"href":"https:\/\/mixshoppjc.com\/index.php?rest_route=%2Fwp%2Fv2%2Fproduct_tag&post=2578"}],"curies":[{"name":"wp","href":"https:\/\/api.w.org\/{rel}","templated":true}]}}