{"id":2532,"date":"2024-02-16T13:11:16","date_gmt":"2024-02-16T16:11:16","guid":{"rendered":"https:\/\/mixshoppjc.com\/?post_type=product&#038;p=2532"},"modified":"2024-02-27T15:55:14","modified_gmt":"2024-02-27T18:55:14","slug":"abajur-blulory-smart-n69-bt-carregador-wireless-branco","status":"publish","type":"product","link":"https:\/\/mixshoppjc.com\/?product=abajur-blulory-smart-n69-bt-carregador-wireless-branco","title":{"rendered":"ABAJUR BLULORY SMART N69 BT CARREGADOR WIRELESS BRANCO"},"content":{"rendered":"<p>Especifica\u00e7\u00f5es<br \/>\nMarca<br \/>\nBlulory<br \/>\nModelo<br \/>\nN69<br \/>\nCor<br \/>\nBranco<br \/>\nPot\u00eancia<br \/>\nLED: 10W &#8211; Som: 3W<br \/>\nConectividade<br \/>\nBluetooth<br \/>\nCaracter\u00edsticas<br \/>\nDespertador &#8211; Alto Falante &#8211; Som natural para ajudar no sono &#8211; Controle por aplicativo &#8211; Atender liga\u00e7\u00f5es &#8211; Carregamento r\u00e1pido wireless de 15W &#8211; 256 modos de luzes &#8211; Simula\u00e7\u00e3o do nascer do sol\/luz de despertar &#8211; Brillo regul\u00e1vel<br \/>\nAlimenta\u00e7\u00e3o<br \/>\nUSB Tipo C &#8211; DC 12V\/2.5A<br \/>\nDimens\u00f5es da Embalagem<br \/>\n23.50 cm X 22.50 cm X 9.00 cm<br \/>\nPeso Bruto<br \/>\n0.685 kg<\/p>\n","protected":false},"excerpt":{"rendered":"<p>Especifica\u00e7\u00f5es Marca Blulory Modelo N69 Cor Branco Pot\u00eancia LED: 10W &#8211; Som: 3W Conectividade Bluetooth Caracter\u00edsticas Despertador &#8211; Alto Falante &#8211; Som natural para ajudar no sono &#8211; Controle por aplicativo &#8211; Atender liga\u00e7\u00f5es &#8211; Carregamento r\u00e1pido wireless de 15W &#8211; 256 modos de luzes &#8211; Simula\u00e7\u00e3o do nascer do sol\/luz de despertar &#8211; Brillo [&hellip;]<\/p>\n","protected":false},"featured_media":2534,"comment_status":"open","ping_status":"closed","template":"","meta":{"om_disable_all_campaigns":false,"_uf_show_specific_survey":0,"_uf_disable_surveys":false},"pwb-brand":[152],"product_cat":[43,51],"product_tag":[],"class_list":{"0":"post-2532","1":"product","2":"type-product","3":"status-publish","4":"has-post-thumbnail","6":"pwb-brand-blulory","7":"product_cat-iluminacao-e-leds","8":"product_cat-abajur","10":"first","11":"instock","12":"taxable","13":"shipping-taxable","14":"purchasable","15":"product-type-simple"},"aioseo_notices":[],"jetpack_sharing_enabled":true,"brands":[{"id":152,"name":"BLULORY","slug":"blulory"}],"_links":{"self":[{"href":"https:\/\/mixshoppjc.com\/index.php?rest_route=\/wp\/v2\/product\/2532","targetHints":{"allow":["GET"]}}],"collection":[{"href":"https:\/\/mixshoppjc.com\/index.php?rest_route=\/wp\/v2\/product"}],"about":[{"href":"https:\/\/mixshoppjc.com\/index.php?rest_route=\/wp\/v2\/types\/product"}],"replies":[{"embeddable":true,"href":"https:\/\/mixshoppjc.com\/index.php?rest_route=%2Fwp%2Fv2%2Fcomments&post=2532"}],"wp:featuredmedia":[{"embeddable":true,"href":"https:\/\/mixshoppjc.com\/index.php?rest_route=\/wp\/v2\/media\/2534"}],"wp:attachment":[{"href":"https:\/\/mixshoppjc.com\/index.php?rest_route=%2Fwp%2Fv2%2Fmedia&parent=2532"}],"wp:term":[{"taxonomy":"pwb-brand","embeddable":true,"href":"https:\/\/mixshoppjc.com\/index.php?rest_route=%2Fwp%2Fv2%2Fpwb-brand&post=2532"},{"taxonomy":"product_cat","embeddable":true,"href":"https:\/\/mixshoppjc.com\/index.php?rest_route=%2Fwp%2Fv2%2Fproduct_cat&post=2532"},{"taxonomy":"product_tag","embeddable":true,"href":"https:\/\/mixshoppjc.com\/index.php?rest_route=%2Fwp%2Fv2%2Fproduct_tag&post=2532"}],"curies":[{"name":"wp","href":"https:\/\/api.w.org\/{rel}","templated":true}]}}